{"id":80,"date":"2026-04-16T08:51:22","date_gmt":"2026-04-16T08:51:22","guid":{"rendered":"https:\/\/consuladooscuro.org\/?post_type=product&#038;p=80"},"modified":"2026-04-23T14:42:24","modified_gmt":"2026-04-23T12:42:24","slug":"rito","status":"publish","type":"product","link":"https:\/\/consuladooscuro.org\/en\/product\/rito\/","title":{"rendered":"RITE"},"content":{"rendered":"<figure class=\"wp-block-image aligncenter size-full is-resized\"><img loading=\"lazy\" decoding=\"async\" width=\"342\" height=\"44\" src=\"https:\/\/consuladooscuro.org\/wp-content\/uploads\/2026\/04\/rito-logo.png\" alt=\"\" class=\"wp-image-49\" style=\"width:350px\" srcset=\"https:\/\/consuladooscuro.org\/wp-content\/uploads\/2026\/04\/rito-logo.png 342w, https:\/\/consuladooscuro.org\/wp-content\/uploads\/2026\/04\/rito-logo-300x39.png 300w\" sizes=\"auto, (max-width: 342px) 100vw, 342px\" \/><\/figure>\n\n\n\n<h2 class=\"wp-block-heading\">La llave y el color rojo hacen referencia a los ritos inici\u00e1ticos de acceso a las logias y sociedades mas\u00f3nicas. La puerta de acceso a los vinos de Consulado Oscuro.<\/h2>\n\n\n\n<p class=\"has-x-large-font-size\"><strong>A\u00f1ada 2024<\/strong><\/p>\n\n\n\n<p>Origen: Uva procedente de una vi\u00f1a vieja de Garnacha en San Juan de la Nava (Alto Alberche). Suelo de granito en descomposici\u00f3n, de textura principalmente arenosa pero con abundante contenido en limo, que aporta al vino finura y \u00ablongitud calc\u00e1rea\u201d<\/p>\n\n\n\n<p>Elaboraci\u00f3n: Vendimia manual con selecci\u00f3n cuidadosa en vi\u00f1a y en bodega. Encubado 100% racimo entero. Pisados durante d\u00edas previos al arranque espont\u00e1neo de la fermentaci\u00f3n, para extracci\u00f3n progresiva del mosto. 45 d\u00edas de maceraci\u00f3n muy suave (infusi\u00f3n) con las pieles y rasp\u00f3n, para una extracci\u00f3n delicada. Crianza en un fudre usado de 600 litros, y el \u00faltimo mes en dep\u00f3sito de hormig\u00f3n. Clarificaci\u00f3n y estabilizaci\u00f3n natural durante la crianza. Embotellado sin filtrar.<\/p>\n\n\n\n<p>Producci\u00f3n limitada y numerada de 800 botellas<\/p>\n\n\n\n<p>Cata: Color rub\u00ed con cierta transparencia. En nariz recuerda a la frescura de los frutos rojos de monta\u00f1a (fresas salvajes, grosella roja), notas florales y un fondo ligeramente especiado. En boca es \u00e1gil y elegante, con taninos finos, acidez viva y un final limpio y muy expresivo, fresco y mineral.<\/p>\n\n\n\n<div class=\"wp-block-group valoraciones is-content-justification-center is-nowrap is-layout-flex wp-container-core-group-is-layout-94bc23d7 wp-block-group-is-layout-flex\">\n<p>PE\u00d1\u00cdN <strong>93<\/strong><\/p>\n<\/div>\n\n\n\n<p><em>AGOTADO<\/em><\/p>","protected":false},"excerpt":{"rendered":"<p><img decoding=\"async\" class=\"alignnone size-large wp-image-25 blend-multiply\" src=\"https:\/\/consuladooscuro.org\/wp-content\/uploads\/2026\/04\/LasMoliendasIlustracion1600px.jpg\" alt=\"\" data-mce-fragment=\"1\" \/>\u200b<\/p>","protected":false},"featured_media":277,"template":"","meta":{"_acf_changed":false},"product_brand":[],"product_cat":[15],"product_tag":[],"class_list":{"0":"post-80","1":"product","2":"type-product","3":"status-publish","4":"has-post-thumbnail","6":"product_cat-vinos","8":"first","9":"outofstock","10":"taxable","11":"shipping-taxable","12":"purchasable","13":"product-type-variable"},"acf":[],"yoast_head":"<!-- This site is optimized with the Yoast SEO plugin v27.5 - https:\/\/yoast.com\/product\/yoast-seo-wordpress\/ -->\n<title>RITO - Consulado Oscuro<\/title>\n<meta name=\"robots\" content=\"index, follow, max-snippet:-1, max-image-preview:large, max-video-preview:-1\" \/>\n<link rel=\"canonical\" href=\"https:\/\/consuladooscuro.org\/en\/product\/rito\/\" \/>\n<meta property=\"og:locale\" content=\"en_GB\" \/>\n<meta property=\"og:type\" content=\"article\" \/>\n<meta property=\"og:title\" content=\"RITO - Consulado Oscuro\" \/>\n<meta property=\"og:description\" content=\"\u200b\" \/>\n<meta property=\"og:url\" content=\"https:\/\/consuladooscuro.org\/en\/product\/rito\/\" \/>\n<meta property=\"og:site_name\" content=\"Consulado Oscuro\" \/>\n<meta property=\"article:modified_time\" content=\"2026-04-23T12:42:24+00:00\" \/>\n<meta property=\"og:image\" content=\"https:\/\/consuladooscuro.org\/wp-content\/uploads\/2026\/04\/rito-botella.webp\" \/>\n\t<meta property=\"og:image:width\" content=\"507\" \/>\n\t<meta property=\"og:image:height\" content=\"1800\" \/>\n\t<meta property=\"og:image:type\" content=\"image\/webp\" \/>\n<meta name=\"twitter:card\" content=\"summary_large_image\" \/>\n<meta name=\"twitter:label1\" content=\"Estimated reading time\" \/>\n\t<meta name=\"twitter:data1\" content=\"1 minute\" \/>\n<script type=\"application\/ld+json\" class=\"yoast-schema-graph\">{\"@context\":\"https:\\\/\\\/schema.org\",\"@graph\":[{\"@type\":\"WebPage\",\"@id\":\"https:\\\/\\\/consuladooscuro.org\\\/producto\\\/rito\\\/\",\"url\":\"https:\\\/\\\/consuladooscuro.org\\\/producto\\\/rito\\\/\",\"name\":\"RITO - Consulado Oscuro\",\"isPartOf\":{\"@id\":\"https:\\\/\\\/consuladooscuro.org\\\/#website\"},\"primaryImageOfPage\":{\"@id\":\"https:\\\/\\\/consuladooscuro.org\\\/producto\\\/rito\\\/#primaryimage\"},\"image\":{\"@id\":\"https:\\\/\\\/consuladooscuro.org\\\/producto\\\/rito\\\/#primaryimage\"},\"thumbnailUrl\":\"https:\\\/\\\/consuladooscuro.org\\\/wp-content\\\/uploads\\\/2026\\\/04\\\/rito-botella.webp\",\"datePublished\":\"2026-04-16T08:51:22+00:00\",\"dateModified\":\"2026-04-23T12:42:24+00:00\",\"breadcrumb\":{\"@id\":\"https:\\\/\\\/consuladooscuro.org\\\/producto\\\/rito\\\/#breadcrumb\"},\"inLanguage\":\"en-GB\",\"potentialAction\":[{\"@type\":\"ReadAction\",\"target\":[\"https:\\\/\\\/consuladooscuro.org\\\/producto\\\/rito\\\/\"]}]},{\"@type\":\"ImageObject\",\"inLanguage\":\"en-GB\",\"@id\":\"https:\\\/\\\/consuladooscuro.org\\\/producto\\\/rito\\\/#primaryimage\",\"url\":\"https:\\\/\\\/consuladooscuro.org\\\/wp-content\\\/uploads\\\/2026\\\/04\\\/rito-botella.webp\",\"contentUrl\":\"https:\\\/\\\/consuladooscuro.org\\\/wp-content\\\/uploads\\\/2026\\\/04\\\/rito-botella.webp\",\"width\":507,\"height\":1800},{\"@type\":\"BreadcrumbList\",\"@id\":\"https:\\\/\\\/consuladooscuro.org\\\/producto\\\/rito\\\/#breadcrumb\",\"itemListElement\":[{\"@type\":\"ListItem\",\"position\":1,\"name\":\"Portada\",\"item\":\"https:\\\/\\\/consuladooscuro.org\\\/\"},{\"@type\":\"ListItem\",\"position\":2,\"name\":\"Vinos\",\"item\":\"https:\\\/\\\/consuladooscuro.org\\\/vinos\\\/\"},{\"@type\":\"ListItem\",\"position\":3,\"name\":\"RITO\"}]},{\"@type\":\"WebSite\",\"@id\":\"https:\\\/\\\/consuladooscuro.org\\\/#website\",\"url\":\"https:\\\/\\\/consuladooscuro.org\\\/\",\"name\":\"Consulado Oscuro\",\"description\":\"Consulado Oscuro\",\"potentialAction\":[{\"@type\":\"SearchAction\",\"target\":{\"@type\":\"EntryPoint\",\"urlTemplate\":\"https:\\\/\\\/consuladooscuro.org\\\/?s={search_term_string}\"},\"query-input\":{\"@type\":\"PropertyValueSpecification\",\"valueRequired\":true,\"valueName\":\"search_term_string\"}}],\"inLanguage\":\"en-GB\"}]}<\/script>\n<!-- \/ Yoast SEO plugin. -->","yoast_head_json":{"title":"RITO - Consulado Oscuro","robots":{"index":"index","follow":"follow","max-snippet":"max-snippet:-1","max-image-preview":"max-image-preview:large","max-video-preview":"max-video-preview:-1"},"canonical":"https:\/\/consuladooscuro.org\/en\/product\/rito\/","og_locale":"en_GB","og_type":"article","og_title":"RITO - Consulado Oscuro","og_description":"\u200b","og_url":"https:\/\/consuladooscuro.org\/en\/product\/rito\/","og_site_name":"Consulado Oscuro","article_modified_time":"2026-04-23T12:42:24+00:00","og_image":[{"width":507,"height":1800,"url":"https:\/\/consuladooscuro.org\/wp-content\/uploads\/2026\/04\/rito-botella.webp","type":"image\/webp"}],"twitter_card":"summary_large_image","twitter_misc":{"Estimated reading time":"1 minute"},"schema":{"@context":"https:\/\/schema.org","@graph":[{"@type":"WebPage","@id":"https:\/\/consuladooscuro.org\/producto\/rito\/","url":"https:\/\/consuladooscuro.org\/producto\/rito\/","name":"RITO - Consulado Oscuro","isPartOf":{"@id":"https:\/\/consuladooscuro.org\/#website"},"primaryImageOfPage":{"@id":"https:\/\/consuladooscuro.org\/producto\/rito\/#primaryimage"},"image":{"@id":"https:\/\/consuladooscuro.org\/producto\/rito\/#primaryimage"},"thumbnailUrl":"https:\/\/consuladooscuro.org\/wp-content\/uploads\/2026\/04\/rito-botella.webp","datePublished":"2026-04-16T08:51:22+00:00","dateModified":"2026-04-23T12:42:24+00:00","breadcrumb":{"@id":"https:\/\/consuladooscuro.org\/producto\/rito\/#breadcrumb"},"inLanguage":"en-GB","potentialAction":[{"@type":"ReadAction","target":["https:\/\/consuladooscuro.org\/producto\/rito\/"]}]},{"@type":"ImageObject","inLanguage":"en-GB","@id":"https:\/\/consuladooscuro.org\/producto\/rito\/#primaryimage","url":"https:\/\/consuladooscuro.org\/wp-content\/uploads\/2026\/04\/rito-botella.webp","contentUrl":"https:\/\/consuladooscuro.org\/wp-content\/uploads\/2026\/04\/rito-botella.webp","width":507,"height":1800},{"@type":"BreadcrumbList","@id":"https:\/\/consuladooscuro.org\/producto\/rito\/#breadcrumb","itemListElement":[{"@type":"ListItem","position":1,"name":"Portada","item":"https:\/\/consuladooscuro.org\/"},{"@type":"ListItem","position":2,"name":"Vinos","item":"https:\/\/consuladooscuro.org\/vinos\/"},{"@type":"ListItem","position":3,"name":"RITO"}]},{"@type":"WebSite","@id":"https:\/\/consuladooscuro.org\/#website","url":"https:\/\/consuladooscuro.org\/","name":"Consulado Oscuro","description":"Consulado Oscuro","potentialAction":[{"@type":"SearchAction","target":{"@type":"EntryPoint","urlTemplate":"https:\/\/consuladooscuro.org\/?s={search_term_string}"},"query-input":{"@type":"PropertyValueSpecification","valueRequired":true,"valueName":"search_term_string"}}],"inLanguage":"en-GB"}]}},"_links":{"self":[{"href":"https:\/\/consuladooscuro.org\/en\/wp-json\/wp\/v2\/product\/80","targetHints":{"allow":["GET"]}}],"collection":[{"href":"https:\/\/consuladooscuro.org\/en\/wp-json\/wp\/v2\/product"}],"about":[{"href":"https:\/\/consuladooscuro.org\/en\/wp-json\/wp\/v2\/types\/product"}],"wp:featuredmedia":[{"embeddable":true,"href":"https:\/\/consuladooscuro.org\/en\/wp-json\/wp\/v2\/media\/277"}],"wp:attachment":[{"href":"https:\/\/consuladooscuro.org\/en\/wp-json\/wp\/v2\/media?parent=80"}],"wp:term":[{"taxonomy":"product_brand","embeddable":true,"href":"https:\/\/consuladooscuro.org\/en\/wp-json\/wp\/v2\/product_brand?post=80"},{"taxonomy":"product_cat","embeddable":true,"href":"https:\/\/consuladooscuro.org\/en\/wp-json\/wp\/v2\/product_cat?post=80"},{"taxonomy":"product_tag","embeddable":true,"href":"https:\/\/consuladooscuro.org\/en\/wp-json\/wp\/v2\/product_tag?post=80"}],"curies":[{"name":"wp","href":"https:\/\/api.w.org\/{rel}","templated":true}]}}