{"id":161,"date":"2026-04-21T10:48:07","date_gmt":"2026-04-21T08:48:07","guid":{"rendered":"https:\/\/consuladooscuro.org\/?post_type=product&#038;p=161"},"modified":"2026-04-29T11:26:24","modified_gmt":"2026-04-29T09:26:24","slug":"shane","status":"publish","type":"product","link":"https:\/\/consuladooscuro.org\/en\/product\/shane\/","title":{"rendered":"SHANE"},"content":{"rendered":"<figure class=\"wp-block-image aligncenter size-full blend-multiply\"><img loading=\"lazy\" decoding=\"async\" width=\"762\" height=\"238\" src=\"https:\/\/consuladooscuro.org\/wp-content\/uploads\/2026\/04\/shane-logo2.png\" alt=\"\" class=\"wp-image-159\" style=\"object-fit:cover\" srcset=\"https:\/\/consuladooscuro.org\/wp-content\/uploads\/2026\/04\/shane-logo2.png 762w, https:\/\/consuladooscuro.org\/wp-content\/uploads\/2026\/04\/shane-logo2-300x94.png 300w, https:\/\/consuladooscuro.org\/wp-content\/uploads\/2026\/04\/shane-logo2-600x187.png 600w, https:\/\/consuladooscuro.org\/wp-content\/uploads\/2026\/04\/shane-logo2-320x100.png 320w\" sizes=\"auto, (max-width: 762px) 100vw, 762px\" \/><\/figure>\n\n\n\n<h2 class=\"wp-block-heading\">Primera edici\u00f3n de la colecci\u00f3n Immortels (#1), dedicada a Shane MacGowan, gran compositor y poeta irland\u00e9s y l\u00edder de la m\u00edtica banda \u00abThe Pogues\u00bb.<\/h2>\n\n\n\n<p>El 30 de noviembre de 2023 nuestro querido y admirado Shane MacGowan nos dej\u00f3 mientras traseg\u00e1bamos este vino (a modo de \u00abtransfusi\u00f3n sangu\u00ednea\u00bb) a la barrica donde reposar\u00eda durante el invierno y la primavera. Fue entonces cuando decidimos crear esta colecci\u00f3n Immortels y dedicarle a Shane la primera edici\u00f3n de la misma.<br><br>Meses despu\u00e9s tuvimos la suerte de entrar en contacto con Victoria Mary Clarke, amor eterno y compa\u00f1era de viaje de Shane, y enviarle dos magnums (en estuches de madera grabados especialmente para la ocasi\u00f3n) que recibi\u00f3 en Dubl\u00edn justo antes del d\u00eda de Navidad de 2025.<\/p>\n\n\n\n<p>El alto contenido en cuarzo en el suelo de su vi\u00f1a de origen aporta al vino tensi\u00f3n y car\u00e1cter mineral, y tambi\u00e9n una cierta austeridad. Esto hace que el vino inicialmente se muestre m\u00e1s t\u00edmido, pero a medida que respira en la copa acaba desplegando toda su complejidad: flores secas sobre una leve base primaria de fruta roja (cereza \u00e1cida, guinda). En boca el vino es elegante, con tensi\u00f3n y profundidad, como la voz de Shane en <em>Dirty Old Town<\/em>.<\/p>\n\n\n\n<p>SHANE fue una edici\u00f3n limitada de 237 botellas y 27 magnums.<\/p>\n\n\n\n<div class=\"wp-block-group valoraciones is-content-justification-center is-nowrap is-layout-flex wp-container-core-group-is-layout-94bc23d7 wp-block-group-is-layout-flex\">\n<p class=\"has-text-align-center\">For more information, please send us a message to<br><a href=\"mailto:oficina@consuladooscuro.org\">oficina@consuladooscuro.org<\/a><\/p>\n<\/div>","protected":false},"excerpt":{"rendered":"<p><img decoding=\"async\" class=\"alignnone size-large wp-image-25 blend-multiply\" src=\"https:\/\/consuladooscuro.org\/wp-content\/uploads\/2026\/04\/LaEmboscadaIlustracion1600px.jpg\" alt=\"\" data-mce-fragment=\"1\" \/>\u200b<\/p>","protected":false},"featured_media":274,"template":"","meta":{"_acf_changed":false},"product_brand":[],"product_cat":[22],"product_tag":[],"class_list":{"0":"post-161","1":"product","2":"type-product","3":"status-publish","4":"has-post-thumbnail","6":"product_cat-immortels","8":"first","9":"outofstock","10":"taxable","11":"shipping-taxable","12":"product-type-simple"},"acf":[],"yoast_head":"<!-- This site is optimized with the Yoast SEO plugin v27.5 - https:\/\/yoast.com\/product\/yoast-seo-wordpress\/ -->\n<title>SHANE - Consulado Oscuro<\/title>\n<meta name=\"robots\" content=\"index, follow, max-snippet:-1, max-image-preview:large, max-video-preview:-1\" \/>\n<link rel=\"canonical\" href=\"https:\/\/consuladooscuro.org\/en\/product\/shane\/\" \/>\n<meta property=\"og:locale\" content=\"en_GB\" \/>\n<meta property=\"og:type\" content=\"article\" \/>\n<meta property=\"og:title\" content=\"SHANE - Consulado Oscuro\" \/>\n<meta property=\"og:description\" content=\"\u200b\" \/>\n<meta property=\"og:url\" content=\"https:\/\/consuladooscuro.org\/en\/product\/shane\/\" \/>\n<meta property=\"og:site_name\" content=\"Consulado Oscuro\" \/>\n<meta property=\"article:modified_time\" content=\"2026-04-29T09:26:24+00:00\" \/>\n<meta property=\"og:image\" content=\"https:\/\/consuladooscuro.org\/wp-content\/uploads\/2026\/04\/shane-botella.webp\" \/>\n\t<meta property=\"og:image:width\" content=\"491\" \/>\n\t<meta property=\"og:image:height\" content=\"1800\" \/>\n\t<meta property=\"og:image:type\" content=\"image\/webp\" \/>\n<meta name=\"twitter:card\" content=\"summary_large_image\" \/>\n<meta name=\"twitter:label1\" content=\"Estimated reading time\" \/>\n\t<meta name=\"twitter:data1\" content=\"2 minutes\" \/>\n<script type=\"application\/ld+json\" class=\"yoast-schema-graph\">{\"@context\":\"https:\\\/\\\/schema.org\",\"@graph\":[{\"@type\":\"WebPage\",\"@id\":\"https:\\\/\\\/consuladooscuro.org\\\/producto\\\/shane\\\/\",\"url\":\"https:\\\/\\\/consuladooscuro.org\\\/producto\\\/shane\\\/\",\"name\":\"SHANE - Consulado Oscuro\",\"isPartOf\":{\"@id\":\"https:\\\/\\\/consuladooscuro.org\\\/#website\"},\"primaryImageOfPage\":{\"@id\":\"https:\\\/\\\/consuladooscuro.org\\\/producto\\\/shane\\\/#primaryimage\"},\"image\":{\"@id\":\"https:\\\/\\\/consuladooscuro.org\\\/producto\\\/shane\\\/#primaryimage\"},\"thumbnailUrl\":\"https:\\\/\\\/consuladooscuro.org\\\/wp-content\\\/uploads\\\/2026\\\/04\\\/shane-botella.webp\",\"datePublished\":\"2026-04-21T08:48:07+00:00\",\"dateModified\":\"2026-04-29T09:26:24+00:00\",\"breadcrumb\":{\"@id\":\"https:\\\/\\\/consuladooscuro.org\\\/producto\\\/shane\\\/#breadcrumb\"},\"inLanguage\":\"en-GB\",\"potentialAction\":[{\"@type\":\"ReadAction\",\"target\":[\"https:\\\/\\\/consuladooscuro.org\\\/producto\\\/shane\\\/\"]}]},{\"@type\":\"ImageObject\",\"inLanguage\":\"en-GB\",\"@id\":\"https:\\\/\\\/consuladooscuro.org\\\/producto\\\/shane\\\/#primaryimage\",\"url\":\"https:\\\/\\\/consuladooscuro.org\\\/wp-content\\\/uploads\\\/2026\\\/04\\\/shane-botella.webp\",\"contentUrl\":\"https:\\\/\\\/consuladooscuro.org\\\/wp-content\\\/uploads\\\/2026\\\/04\\\/shane-botella.webp\",\"width\":491,\"height\":1800},{\"@type\":\"BreadcrumbList\",\"@id\":\"https:\\\/\\\/consuladooscuro.org\\\/producto\\\/shane\\\/#breadcrumb\",\"itemListElement\":[{\"@type\":\"ListItem\",\"position\":1,\"name\":\"Portada\",\"item\":\"https:\\\/\\\/consuladooscuro.org\\\/\"},{\"@type\":\"ListItem\",\"position\":2,\"name\":\"Vinos\",\"item\":\"https:\\\/\\\/consuladooscuro.org\\\/vinos\\\/\"},{\"@type\":\"ListItem\",\"position\":3,\"name\":\"SHANE\"}]},{\"@type\":\"WebSite\",\"@id\":\"https:\\\/\\\/consuladooscuro.org\\\/#website\",\"url\":\"https:\\\/\\\/consuladooscuro.org\\\/\",\"name\":\"Consulado Oscuro\",\"description\":\"Consulado Oscuro\",\"potentialAction\":[{\"@type\":\"SearchAction\",\"target\":{\"@type\":\"EntryPoint\",\"urlTemplate\":\"https:\\\/\\\/consuladooscuro.org\\\/?s={search_term_string}\"},\"query-input\":{\"@type\":\"PropertyValueSpecification\",\"valueRequired\":true,\"valueName\":\"search_term_string\"}}],\"inLanguage\":\"en-GB\"}]}<\/script>\n<!-- \/ Yoast SEO plugin. -->","yoast_head_json":{"title":"SHANE - Consulado Oscuro","robots":{"index":"index","follow":"follow","max-snippet":"max-snippet:-1","max-image-preview":"max-image-preview:large","max-video-preview":"max-video-preview:-1"},"canonical":"https:\/\/consuladooscuro.org\/en\/product\/shane\/","og_locale":"en_GB","og_type":"article","og_title":"SHANE - Consulado Oscuro","og_description":"\u200b","og_url":"https:\/\/consuladooscuro.org\/en\/product\/shane\/","og_site_name":"Consulado Oscuro","article_modified_time":"2026-04-29T09:26:24+00:00","og_image":[{"width":491,"height":1800,"url":"https:\/\/consuladooscuro.org\/wp-content\/uploads\/2026\/04\/shane-botella.webp","type":"image\/webp"}],"twitter_card":"summary_large_image","twitter_misc":{"Estimated reading time":"2 minutes"},"schema":{"@context":"https:\/\/schema.org","@graph":[{"@type":"WebPage","@id":"https:\/\/consuladooscuro.org\/producto\/shane\/","url":"https:\/\/consuladooscuro.org\/producto\/shane\/","name":"SHANE - Consulado Oscuro","isPartOf":{"@id":"https:\/\/consuladooscuro.org\/#website"},"primaryImageOfPage":{"@id":"https:\/\/consuladooscuro.org\/producto\/shane\/#primaryimage"},"image":{"@id":"https:\/\/consuladooscuro.org\/producto\/shane\/#primaryimage"},"thumbnailUrl":"https:\/\/consuladooscuro.org\/wp-content\/uploads\/2026\/04\/shane-botella.webp","datePublished":"2026-04-21T08:48:07+00:00","dateModified":"2026-04-29T09:26:24+00:00","breadcrumb":{"@id":"https:\/\/consuladooscuro.org\/producto\/shane\/#breadcrumb"},"inLanguage":"en-GB","potentialAction":[{"@type":"ReadAction","target":["https:\/\/consuladooscuro.org\/producto\/shane\/"]}]},{"@type":"ImageObject","inLanguage":"en-GB","@id":"https:\/\/consuladooscuro.org\/producto\/shane\/#primaryimage","url":"https:\/\/consuladooscuro.org\/wp-content\/uploads\/2026\/04\/shane-botella.webp","contentUrl":"https:\/\/consuladooscuro.org\/wp-content\/uploads\/2026\/04\/shane-botella.webp","width":491,"height":1800},{"@type":"BreadcrumbList","@id":"https:\/\/consuladooscuro.org\/producto\/shane\/#breadcrumb","itemListElement":[{"@type":"ListItem","position":1,"name":"Portada","item":"https:\/\/consuladooscuro.org\/"},{"@type":"ListItem","position":2,"name":"Vinos","item":"https:\/\/consuladooscuro.org\/vinos\/"},{"@type":"ListItem","position":3,"name":"SHANE"}]},{"@type":"WebSite","@id":"https:\/\/consuladooscuro.org\/#website","url":"https:\/\/consuladooscuro.org\/","name":"Consulado Oscuro","description":"Consulado Oscuro","potentialAction":[{"@type":"SearchAction","target":{"@type":"EntryPoint","urlTemplate":"https:\/\/consuladooscuro.org\/?s={search_term_string}"},"query-input":{"@type":"PropertyValueSpecification","valueRequired":true,"valueName":"search_term_string"}}],"inLanguage":"en-GB"}]}},"_links":{"self":[{"href":"https:\/\/consuladooscuro.org\/en\/wp-json\/wp\/v2\/product\/161","targetHints":{"allow":["GET"]}}],"collection":[{"href":"https:\/\/consuladooscuro.org\/en\/wp-json\/wp\/v2\/product"}],"about":[{"href":"https:\/\/consuladooscuro.org\/en\/wp-json\/wp\/v2\/types\/product"}],"wp:featuredmedia":[{"embeddable":true,"href":"https:\/\/consuladooscuro.org\/en\/wp-json\/wp\/v2\/media\/274"}],"wp:attachment":[{"href":"https:\/\/consuladooscuro.org\/en\/wp-json\/wp\/v2\/media?parent=161"}],"wp:term":[{"taxonomy":"product_brand","embeddable":true,"href":"https:\/\/consuladooscuro.org\/en\/wp-json\/wp\/v2\/product_brand?post=161"},{"taxonomy":"product_cat","embeddable":true,"href":"https:\/\/consuladooscuro.org\/en\/wp-json\/wp\/v2\/product_cat?post=161"},{"taxonomy":"product_tag","embeddable":true,"href":"https:\/\/consuladooscuro.org\/en\/wp-json\/wp\/v2\/product_tag?post=161"}],"curies":[{"name":"wp","href":"https:\/\/api.w.org\/{rel}","templated":true}]}}