{"id":15,"date":"2026-04-13T15:50:31","date_gmt":"2026-04-13T15:50:31","guid":{"rendered":"https:\/\/consuladooscuro.org\/?post_type=product&#038;p=15"},"modified":"2026-04-23T14:41:13","modified_gmt":"2026-04-23T12:41:13","slug":"logia","status":"publish","type":"product","link":"https:\/\/consuladooscuro.org\/en\/product\/logia\/","title":{"rendered":"LOGIA 2024"},"content":{"rendered":"<figure class=\"wp-block-image aligncenter size-full\"><img loading=\"lazy\" decoding=\"async\" width=\"682\" height=\"152\" src=\"https:\/\/consuladooscuro.org\/wp-content\/uploads\/2026\/04\/Logia-logo.png\" alt=\"\" class=\"wp-image-34\" style=\"object-fit:cover\" srcset=\"https:\/\/consuladooscuro.org\/wp-content\/uploads\/2026\/04\/Logia-logo.png 682w, https:\/\/consuladooscuro.org\/wp-content\/uploads\/2026\/04\/Logia-logo-300x67.png 300w, https:\/\/consuladooscuro.org\/wp-content\/uploads\/2026\/04\/Logia-logo-600x134.png 600w\" sizes=\"auto, (max-width: 682px) 100vw, 682px\" \/><\/figure>\n\n\n\n<h2 class=\"wp-block-heading\">El color azul y el le\u00f3n como s\u00edmbolos de pertenencia, de haber superado el RITO de iniciaci\u00f3n y accedido al nivel superior de esta sociedad secreta.<\/h2>\n\n\n\n<p class=\"has-x-large-font-size\"><strong>A\u00f1ada 2024<\/strong><\/p>\n\n\n\n<p>Origen: Uva procedente de dos vi\u00f1as viejas de Garnacha en distintos parajes de Burgohondo (Alto Alberche). Suelo gran\u00edtico en descomposici\u00f3n, rico en cuarzo, que le da un car\u00e1cter m\u00e1s austero y elegante, con un despliegue progresivo de sus diferentes capas de complejidad.<\/p>\n\n\n\n<p>Elaboraci\u00f3n: Vendimia manual con selecci\u00f3n minuciosa en vi\u00f1a y en bodega. Escubado 100% racimo entero. Pisados durante los cinco d\u00edas previos al arranque espont\u00e1neo de la fermentaci\u00f3n, para extracci\u00f3n progresiva del mosto. 58 d\u00edas de infusi\u00f3n\/maceraci\u00f3n muy suave con las pieles y rasp\u00f3n, para una extracci\u00f3n delicada. Crianza en fudre usado de 600 litros. Clarificaci\u00f3n y estabilizaci\u00f3n natural durante la crianza. Embotellado sin filtrar.<\/p>\n\n\n\n<p>Producci\u00f3n limitada y numerada de 680 botellas y 60 magnums.<\/p>\n\n\n\n<p>Cata: Sutil color rub\u00ed con cierta transparencia. Complejo en nariz, con fruta roja fresca difuminada en un entramado de flores marchitas (lirio blanco), y notas de incienso y pimienta blanca. \u00c1gil y elegante en boca, con acidez viva que aporta nervio y tensi\u00f3n, taninos finos y un final limpio y vibrante, marcado por su origen gran\u00edtico.<\/p>\n\n\n\n<div class=\"wp-block-group valoraciones is-content-justification-center is-nowrap is-layout-flex wp-container-core-group-is-layout-94bc23d7 wp-block-group-is-layout-flex\">\n<p>PE\u00d1\u00cdN <strong>94<\/strong><\/p>\n<\/div>\n\n\n\n<p><\/p>","protected":false},"excerpt":{"rendered":"<p><img decoding=\"async\" class=\"alignnone size-large wp-image-25 blend-multiply\" src=\"https:\/\/consuladooscuro.org\/wp-content\/uploads\/2026\/04\/ElZaudejoIlustracion1600px.jpg\" alt=\"\" data-mce-fragment=\"1\" \/>\u200b<\/p>","protected":false},"featured_media":275,"template":"","meta":{"_acf_changed":false},"product_brand":[],"product_cat":[15],"product_tag":[],"class_list":{"0":"post-15","1":"product","2":"type-product","3":"status-publish","4":"has-post-thumbnail","6":"product_cat-vinos","8":"first","9":"instock","10":"taxable","11":"shipping-taxable","12":"purchasable","13":"product-type-variable"},"acf":[],"yoast_head":"<!-- This site is optimized with the Yoast SEO plugin v27.5 - https:\/\/yoast.com\/product\/yoast-seo-wordpress\/ -->\n<title>LOGIA 2024 - Consulado Oscuro<\/title>\n<meta name=\"robots\" content=\"index, follow, max-snippet:-1, max-image-preview:large, max-video-preview:-1\" \/>\n<link rel=\"canonical\" href=\"https:\/\/consuladooscuro.org\/en\/product\/logia\/\" \/>\n<meta property=\"og:locale\" content=\"en_GB\" \/>\n<meta property=\"og:type\" content=\"article\" \/>\n<meta property=\"og:title\" content=\"LOGIA 2024 - Consulado Oscuro\" \/>\n<meta property=\"og:description\" content=\"\u200b\" \/>\n<meta property=\"og:url\" content=\"https:\/\/consuladooscuro.org\/en\/product\/logia\/\" \/>\n<meta property=\"og:site_name\" content=\"Consulado Oscuro\" \/>\n<meta property=\"article:modified_time\" content=\"2026-04-23T12:41:13+00:00\" \/>\n<meta property=\"og:image\" content=\"https:\/\/consuladooscuro.org\/wp-content\/uploads\/2026\/04\/logia-botella.webp\" \/>\n\t<meta property=\"og:image:width\" content=\"507\" \/>\n\t<meta property=\"og:image:height\" content=\"1800\" \/>\n\t<meta property=\"og:image:type\" content=\"image\/webp\" \/>\n<meta name=\"twitter:card\" content=\"summary_large_image\" \/>\n<meta name=\"twitter:label1\" content=\"Estimated reading time\" \/>\n\t<meta name=\"twitter:data1\" content=\"1 minute\" \/>\n<script type=\"application\/ld+json\" class=\"yoast-schema-graph\">{\"@context\":\"https:\\\/\\\/schema.org\",\"@graph\":[{\"@type\":\"WebPage\",\"@id\":\"https:\\\/\\\/consuladooscuro.org\\\/producto\\\/logia\\\/\",\"url\":\"https:\\\/\\\/consuladooscuro.org\\\/producto\\\/logia\\\/\",\"name\":\"LOGIA 2024 - Consulado Oscuro\",\"isPartOf\":{\"@id\":\"https:\\\/\\\/consuladooscuro.org\\\/#website\"},\"primaryImageOfPage\":{\"@id\":\"https:\\\/\\\/consuladooscuro.org\\\/producto\\\/logia\\\/#primaryimage\"},\"image\":{\"@id\":\"https:\\\/\\\/consuladooscuro.org\\\/producto\\\/logia\\\/#primaryimage\"},\"thumbnailUrl\":\"https:\\\/\\\/consuladooscuro.org\\\/wp-content\\\/uploads\\\/2026\\\/04\\\/logia-botella.webp\",\"datePublished\":\"2026-04-13T15:50:31+00:00\",\"dateModified\":\"2026-04-23T12:41:13+00:00\",\"breadcrumb\":{\"@id\":\"https:\\\/\\\/consuladooscuro.org\\\/producto\\\/logia\\\/#breadcrumb\"},\"inLanguage\":\"en-GB\",\"potentialAction\":[{\"@type\":\"ReadAction\",\"target\":[\"https:\\\/\\\/consuladooscuro.org\\\/producto\\\/logia\\\/\"]}]},{\"@type\":\"ImageObject\",\"inLanguage\":\"en-GB\",\"@id\":\"https:\\\/\\\/consuladooscuro.org\\\/producto\\\/logia\\\/#primaryimage\",\"url\":\"https:\\\/\\\/consuladooscuro.org\\\/wp-content\\\/uploads\\\/2026\\\/04\\\/logia-botella.webp\",\"contentUrl\":\"https:\\\/\\\/consuladooscuro.org\\\/wp-content\\\/uploads\\\/2026\\\/04\\\/logia-botella.webp\",\"width\":507,\"height\":1800},{\"@type\":\"BreadcrumbList\",\"@id\":\"https:\\\/\\\/consuladooscuro.org\\\/producto\\\/logia\\\/#breadcrumb\",\"itemListElement\":[{\"@type\":\"ListItem\",\"position\":1,\"name\":\"Portada\",\"item\":\"https:\\\/\\\/consuladooscuro.org\\\/\"},{\"@type\":\"ListItem\",\"position\":2,\"name\":\"Vinos\",\"item\":\"https:\\\/\\\/consuladooscuro.org\\\/vinos\\\/\"},{\"@type\":\"ListItem\",\"position\":3,\"name\":\"LOGIA 2024\"}]},{\"@type\":\"WebSite\",\"@id\":\"https:\\\/\\\/consuladooscuro.org\\\/#website\",\"url\":\"https:\\\/\\\/consuladooscuro.org\\\/\",\"name\":\"Consulado Oscuro\",\"description\":\"Consulado Oscuro\",\"potentialAction\":[{\"@type\":\"SearchAction\",\"target\":{\"@type\":\"EntryPoint\",\"urlTemplate\":\"https:\\\/\\\/consuladooscuro.org\\\/?s={search_term_string}\"},\"query-input\":{\"@type\":\"PropertyValueSpecification\",\"valueRequired\":true,\"valueName\":\"search_term_string\"}}],\"inLanguage\":\"en-GB\"}]}<\/script>\n<!-- \/ Yoast SEO plugin. -->","yoast_head_json":{"title":"LOGIA 2024 - Consulado Oscuro","robots":{"index":"index","follow":"follow","max-snippet":"max-snippet:-1","max-image-preview":"max-image-preview:large","max-video-preview":"max-video-preview:-1"},"canonical":"https:\/\/consuladooscuro.org\/en\/product\/logia\/","og_locale":"en_GB","og_type":"article","og_title":"LOGIA 2024 - Consulado Oscuro","og_description":"\u200b","og_url":"https:\/\/consuladooscuro.org\/en\/product\/logia\/","og_site_name":"Consulado Oscuro","article_modified_time":"2026-04-23T12:41:13+00:00","og_image":[{"width":507,"height":1800,"url":"https:\/\/consuladooscuro.org\/wp-content\/uploads\/2026\/04\/logia-botella.webp","type":"image\/webp"}],"twitter_card":"summary_large_image","twitter_misc":{"Estimated reading time":"1 minute"},"schema":{"@context":"https:\/\/schema.org","@graph":[{"@type":"WebPage","@id":"https:\/\/consuladooscuro.org\/producto\/logia\/","url":"https:\/\/consuladooscuro.org\/producto\/logia\/","name":"LOGIA 2024 - Consulado Oscuro","isPartOf":{"@id":"https:\/\/consuladooscuro.org\/#website"},"primaryImageOfPage":{"@id":"https:\/\/consuladooscuro.org\/producto\/logia\/#primaryimage"},"image":{"@id":"https:\/\/consuladooscuro.org\/producto\/logia\/#primaryimage"},"thumbnailUrl":"https:\/\/consuladooscuro.org\/wp-content\/uploads\/2026\/04\/logia-botella.webp","datePublished":"2026-04-13T15:50:31+00:00","dateModified":"2026-04-23T12:41:13+00:00","breadcrumb":{"@id":"https:\/\/consuladooscuro.org\/producto\/logia\/#breadcrumb"},"inLanguage":"en-GB","potentialAction":[{"@type":"ReadAction","target":["https:\/\/consuladooscuro.org\/producto\/logia\/"]}]},{"@type":"ImageObject","inLanguage":"en-GB","@id":"https:\/\/consuladooscuro.org\/producto\/logia\/#primaryimage","url":"https:\/\/consuladooscuro.org\/wp-content\/uploads\/2026\/04\/logia-botella.webp","contentUrl":"https:\/\/consuladooscuro.org\/wp-content\/uploads\/2026\/04\/logia-botella.webp","width":507,"height":1800},{"@type":"BreadcrumbList","@id":"https:\/\/consuladooscuro.org\/producto\/logia\/#breadcrumb","itemListElement":[{"@type":"ListItem","position":1,"name":"Portada","item":"https:\/\/consuladooscuro.org\/"},{"@type":"ListItem","position":2,"name":"Vinos","item":"https:\/\/consuladooscuro.org\/vinos\/"},{"@type":"ListItem","position":3,"name":"LOGIA 2024"}]},{"@type":"WebSite","@id":"https:\/\/consuladooscuro.org\/#website","url":"https:\/\/consuladooscuro.org\/","name":"Consulado Oscuro","description":"Consulado Oscuro","potentialAction":[{"@type":"SearchAction","target":{"@type":"EntryPoint","urlTemplate":"https:\/\/consuladooscuro.org\/?s={search_term_string}"},"query-input":{"@type":"PropertyValueSpecification","valueRequired":true,"valueName":"search_term_string"}}],"inLanguage":"en-GB"}]}},"_links":{"self":[{"href":"https:\/\/consuladooscuro.org\/en\/wp-json\/wp\/v2\/product\/15","targetHints":{"allow":["GET"]}}],"collection":[{"href":"https:\/\/consuladooscuro.org\/en\/wp-json\/wp\/v2\/product"}],"about":[{"href":"https:\/\/consuladooscuro.org\/en\/wp-json\/wp\/v2\/types\/product"}],"wp:featuredmedia":[{"embeddable":true,"href":"https:\/\/consuladooscuro.org\/en\/wp-json\/wp\/v2\/media\/275"}],"wp:attachment":[{"href":"https:\/\/consuladooscuro.org\/en\/wp-json\/wp\/v2\/media?parent=15"}],"wp:term":[{"taxonomy":"product_brand","embeddable":true,"href":"https:\/\/consuladooscuro.org\/en\/wp-json\/wp\/v2\/product_brand?post=15"},{"taxonomy":"product_cat","embeddable":true,"href":"https:\/\/consuladooscuro.org\/en\/wp-json\/wp\/v2\/product_cat?post=15"},{"taxonomy":"product_tag","embeddable":true,"href":"https:\/\/consuladooscuro.org\/en\/wp-json\/wp\/v2\/product_tag?post=15"}],"curies":[{"name":"wp","href":"https:\/\/api.w.org\/{rel}","templated":true}]}}