{"id":64,"date":"2026-04-16T08:48:19","date_gmt":"2026-04-16T08:48:19","guid":{"rendered":"https:\/\/consuladooscuro.org\/?page_id=64"},"modified":"2026-04-28T20:24:04","modified_gmt":"2026-04-28T18:24:04","slug":"vinas","status":"publish","type":"page","link":"https:\/\/consuladooscuro.org\/en\/vinas\/","title":{"rendered":"Vineyards"},"content":{"rendered":"<section class=\"bloque-contenedor    transparente-my\"   id=\"\">\r\n    <div class=\"container\">\r\n        <div class=\"\"> \r\n                        <div class=\"row\">\r\n                <div class=\"col-12  col-md-8 mx-auto\">                     \r\n\r\n                <div class=\"acf-innerblocks-container\">\n\n<figure class=\"wp-block-image aligncenter size-large is-resized blend-multiply\"><img loading=\"lazy\" decoding=\"async\" width=\"1800\" height=\"228\" src=\"https:\/\/consuladooscuro.org\/wp-content\/uploads\/2026\/04\/estrellas-1-1800x228.png\" alt=\"\" class=\"wp-image-190\" style=\"width:280px\" srcset=\"https:\/\/consuladooscuro.org\/wp-content\/uploads\/2026\/04\/estrellas-1-1800x228.png 1800w, https:\/\/consuladooscuro.org\/wp-content\/uploads\/2026\/04\/estrellas-1-1200x152.png 1200w, https:\/\/consuladooscuro.org\/wp-content\/uploads\/2026\/04\/estrellas-1-768x97.png 768w, https:\/\/consuladooscuro.org\/wp-content\/uploads\/2026\/04\/estrellas-1-1536x195.png 1536w, https:\/\/consuladooscuro.org\/wp-content\/uploads\/2026\/04\/estrellas-1-2048x260.png 2048w, https:\/\/consuladooscuro.org\/wp-content\/uploads\/2026\/04\/estrellas-1-300x38.png 300w, https:\/\/consuladooscuro.org\/wp-content\/uploads\/2026\/04\/estrellas-1-600x76.png 600w, https:\/\/consuladooscuro.org\/wp-content\/uploads\/2026\/04\/estrellas-1-788x100.png 788w\" sizes=\"auto, (max-width: 1800px) 100vw, 1800px\" \/><\/figure>\n\n\n\n<div class=\"wp-block-columns gap-peq is-layout-flex wp-container-core-columns-is-layout-9d6595d7 wp-block-columns-is-layout-flex\">\n<div class=\"wp-block-column is-vertically-aligned-center is-layout-flow wp-block-column-is-layout-flow\" style=\"flex-basis:20%\">\n<figure class=\"wp-block-image aligncenter size-full is-resized blend-multiply\"><img loading=\"lazy\" decoding=\"async\" width=\"496\" height=\"517\" src=\"https:\/\/consuladooscuro.org\/wp-content\/uploads\/2026\/04\/sol.png\" alt=\"\" class=\"wp-image-22\" style=\"object-fit:contain;width:100px;height:104px\" srcset=\"https:\/\/consuladooscuro.org\/wp-content\/uploads\/2026\/04\/sol.png 496w, https:\/\/consuladooscuro.org\/wp-content\/uploads\/2026\/04\/sol-300x313.png 300w\" sizes=\"auto, (max-width: 496px) 100vw, 496px\" \/><\/figure>\n<\/div>\n\n\n\n<div class=\"wp-block-column is-vertically-aligned-center is-layout-flow wp-block-column-is-layout-flow\" style=\"flex-basis:60%\">\n<h1 class=\"wp-block-heading has-text-align-center mb-0 mt-0\"><br>&nbsp;\u201c<em><em>Visita Interiora Terrae Rectificando Invenies Occultum Lapidem<\/em>\u201d (<em>V.I.T.R.I.O.L.)<\/em><\/em><\/h1>\n\n\n\n<p class=\"has-text-align-center\"><\/p>\n<\/div>\n\n\n\n<div class=\"wp-block-column is-vertically-aligned-center is-layout-flow wp-block-column-is-layout-flow\" style=\"flex-basis:20%\">\n<figure class=\"wp-block-image aligncenter size-full is-resized blend-multiply\"><img loading=\"lazy\" decoding=\"async\" width=\"255\" height=\"263\" src=\"https:\/\/consuladooscuro.org\/wp-content\/uploads\/2026\/04\/luna.png\" alt=\"\" class=\"wp-image-39\" style=\"width:60px\"\/><\/figure>\n<\/div>\n<\/div>\n\n\n\n<p class=\"has-text-align-center has-x-large-font-size\">\u00ab<em>Ad\u00e9ntrate en el interior de la tierra y rectificando encontrar\u00e1s la piedra oculta<\/em>\u00ab<\/p>\n\n\n\n<p class=\"has-text-align-center\"><em>V.I.T.R.I.O.L.<\/em> es uno de los acr\u00f3nimos m\u00e1s profundos de la tradici\u00f3n mas\u00f3nica y alqu\u00edmica, que se refiere al proceso de introspecci\u00f3n, b\u00fasqueda y purificaci\u00f3n interior, pero que nos hace pensar tambi\u00e9n en esas cepas viejas de monta\u00f1a atravesando con sus ra\u00edces las grietas profundas de la roca gran\u00edtica fragmentada de Gredos para extraer el car\u00e1cter y la esencia m\u00e1s pura de cada una de nuestras vi\u00f1as.<\/p>\n\n<\/div>\r\n          \r\n                                <\/div>\r\n            <\/div>            \r\n        <\/div>\r\n    <\/div>\r\n<\/section>\r\n\n\n\r\n    \r\n\r\n<section class=\"bloque-contenedor    transparente pb-0\"   id=\"\">\r\n    <div class=\"container\">\r\n        <div class=\"\"> \r\n                                \r\n\r\n                <div class=\"acf-innerblocks-container\">\n\n<h2 class=\"wp-block-heading has-text-align-center\">&#8211; Vi\u00f1a de El Zaudejo &#8211;<\/h2>\n\n\n\n<figure class=\"wp-block-gallery has-nested-images columns-default is-cropped wp-block-gallery-1 is-layout-flex wp-block-gallery-is-layout-flex\">\n<figure class=\"wp-block-image size-full blend-multiply\"><img loading=\"lazy\" decoding=\"async\" width=\"1800\" height=\"1030\" data-id=\"337\" src=\"https:\/\/consuladooscuro.org\/wp-content\/uploads\/2026\/04\/IlustracionZaudejoVinasAlta.jpg\" alt=\"\" class=\"wp-image-337\" srcset=\"https:\/\/consuladooscuro.org\/wp-content\/uploads\/2026\/04\/IlustracionZaudejoVinasAlta.jpg 1800w, https:\/\/consuladooscuro.org\/wp-content\/uploads\/2026\/04\/IlustracionZaudejoVinasAlta-1200x687.jpg 1200w, https:\/\/consuladooscuro.org\/wp-content\/uploads\/2026\/04\/IlustracionZaudejoVinasAlta-768x439.jpg 768w, https:\/\/consuladooscuro.org\/wp-content\/uploads\/2026\/04\/IlustracionZaudejoVinasAlta-1536x879.jpg 1536w, https:\/\/consuladooscuro.org\/wp-content\/uploads\/2026\/04\/IlustracionZaudejoVinasAlta-300x172.jpg 300w, https:\/\/consuladooscuro.org\/wp-content\/uploads\/2026\/04\/IlustracionZaudejoVinasAlta-600x343.jpg 600w, https:\/\/consuladooscuro.org\/wp-content\/uploads\/2026\/04\/IlustracionZaudejoVinasAlta-175x100.jpg 175w\" sizes=\"auto, (max-width: 1800px) 100vw, 1800px\" \/><\/figure>\n<\/figure>\n\n<\/div>\r\n          \r\n                            \r\n        <\/div>\r\n    <\/div>\r\n<\/section>\r\n\n\n\r\n    \r\n\r\n<section class=\"bloque-contenedor    transparente\"   id=\"\">\r\n    <div class=\"container\">\r\n        <div class=\"\"> \r\n                        <div class=\"row\">\r\n                <div class=\"col-12  col-md-10 mx-auto\">                     \r\n\r\n                <div class=\"acf-innerblocks-container\">\n\n<p class=\"has-text-align-center mb-0 font-family-3\">Localizaci\u00f3n: Burgohondo (Alto Alberche) \/ A\u00f1o de plantaci\u00f3n: 1950 \/ Superficie: 0,28 ha. \/ Variedad: Garnacha<\/p>\n\n\n\n<hr class=\"wp-block-separator has-alpha-channel-opacity mb-0 mt-0\"\/>\n\n\n\n<p class=\"has-text-align-center font-family-3\">Altitud: 966 msnm \/ Suelo: Granito en descomposici\u00f3n<\/p>\n\n<\/div>\r\n          \r\n                                <\/div>\r\n            <\/div>            \r\n        <\/div>\r\n    <\/div>\r\n<\/section>\r\n\n\n\r\n    \r\n\r\n<section class=\"bloque-contenedor    transparente pb-0\"   id=\"\">\r\n    <div class=\"container\">\r\n        <div class=\"\"> \r\n                                \r\n\r\n                <div class=\"acf-innerblocks-container\">\n\n<h2 class=\"wp-block-heading has-text-align-center mt-5\">&#8211; Vi\u00f1a de Pe\u00f1a Quebrada &#8211;<\/h2>\n\n\n\n<figure class=\"wp-block-gallery has-nested-images columns-default is-cropped wp-block-gallery-2 is-layout-flex wp-block-gallery-is-layout-flex\">\n<figure class=\"wp-block-image size-full blend-multiply\"><img loading=\"lazy\" decoding=\"async\" width=\"1800\" height=\"1030\" data-id=\"340\" src=\"https:\/\/consuladooscuro.org\/wp-content\/uploads\/2026\/04\/IlustracionPenaQuebradaVinasAlta.jpg\" alt=\"\" class=\"wp-image-340\" srcset=\"https:\/\/consuladooscuro.org\/wp-content\/uploads\/2026\/04\/IlustracionPenaQuebradaVinasAlta.jpg 1800w, https:\/\/consuladooscuro.org\/wp-content\/uploads\/2026\/04\/IlustracionPenaQuebradaVinasAlta-1200x687.jpg 1200w, https:\/\/consuladooscuro.org\/wp-content\/uploads\/2026\/04\/IlustracionPenaQuebradaVinasAlta-768x439.jpg 768w, https:\/\/consuladooscuro.org\/wp-content\/uploads\/2026\/04\/IlustracionPenaQuebradaVinasAlta-1536x879.jpg 1536w, https:\/\/consuladooscuro.org\/wp-content\/uploads\/2026\/04\/IlustracionPenaQuebradaVinasAlta-300x172.jpg 300w, https:\/\/consuladooscuro.org\/wp-content\/uploads\/2026\/04\/IlustracionPenaQuebradaVinasAlta-600x343.jpg 600w, https:\/\/consuladooscuro.org\/wp-content\/uploads\/2026\/04\/IlustracionPenaQuebradaVinasAlta-175x100.jpg 175w\" sizes=\"auto, (max-width: 1800px) 100vw, 1800px\" \/><\/figure>\n<\/figure>\n\n<\/div>\r\n          \r\n                            \r\n        <\/div>\r\n    <\/div>\r\n<\/section>\r\n\n\n\r\n    \r\n\r\n<section class=\"bloque-contenedor    transparente\"   id=\"\">\r\n    <div class=\"container\">\r\n        <div class=\"\"> \r\n                        <div class=\"row\">\r\n                <div class=\"col-12  col-md-10 mx-auto\">                     \r\n\r\n                <div class=\"acf-innerblocks-container\">\n\n<p class=\"has-text-align-center mb-0 font-family-3\">Localizaci\u00f3n: Burgohondo (Alto Alberche) \/ A\u00f1o de plantaci\u00f3n: 1977 \/ Superficie: 0,46 ha. \/ Variedad: Garnacha<\/p>\n\n\n\n<hr class=\"wp-block-separator has-alpha-channel-opacity mb-0 mt-0\"\/>\n\n\n\n<p class=\"has-text-align-center font-family-3\">Altitud: 938 msnm \/ Suelo: Granito en descomposici\u00f3n<\/p>\n\n<\/div>\r\n          \r\n                                <\/div>\r\n            <\/div>            \r\n        <\/div>\r\n    <\/div>\r\n<\/section>\r\n\n\n\r\n    \r\n\r\n<section class=\"bloque-contenedor    transparente pb-0\"   id=\"\">\r\n    <div class=\"container\">\r\n        <div class=\"\"> \r\n                                \r\n\r\n                <div class=\"acf-innerblocks-container\">\n\n<h2 class=\"wp-block-heading has-text-align-center mt-5\">&#8211; Vi\u00f1a de Las Moliendas &#8211;<\/h2>\n\n\n\n<figure class=\"wp-block-gallery has-nested-images columns-default is-cropped wp-block-gallery-3 is-layout-flex wp-block-gallery-is-layout-flex\">\n<figure class=\"wp-block-image size-full blend-multiply\"><img loading=\"lazy\" decoding=\"async\" width=\"1800\" height=\"1030\" data-id=\"339\" src=\"https:\/\/consuladooscuro.org\/wp-content\/uploads\/2026\/04\/IlustracionMoliendasVinasAlta.jpg\" alt=\"\" class=\"wp-image-339\" srcset=\"https:\/\/consuladooscuro.org\/wp-content\/uploads\/2026\/04\/IlustracionMoliendasVinasAlta.jpg 1800w, https:\/\/consuladooscuro.org\/wp-content\/uploads\/2026\/04\/IlustracionMoliendasVinasAlta-1200x687.jpg 1200w, https:\/\/consuladooscuro.org\/wp-content\/uploads\/2026\/04\/IlustracionMoliendasVinasAlta-768x439.jpg 768w, https:\/\/consuladooscuro.org\/wp-content\/uploads\/2026\/04\/IlustracionMoliendasVinasAlta-1536x879.jpg 1536w, https:\/\/consuladooscuro.org\/wp-content\/uploads\/2026\/04\/IlustracionMoliendasVinasAlta-300x172.jpg 300w, https:\/\/consuladooscuro.org\/wp-content\/uploads\/2026\/04\/IlustracionMoliendasVinasAlta-600x343.jpg 600w, https:\/\/consuladooscuro.org\/wp-content\/uploads\/2026\/04\/IlustracionMoliendasVinasAlta-175x100.jpg 175w\" sizes=\"auto, (max-width: 1800px) 100vw, 1800px\" \/><\/figure>\n<\/figure>\n\n<\/div>\r\n          \r\n                            \r\n        <\/div>\r\n    <\/div>\r\n<\/section>\r\n\n\n\r\n    \r\n\r\n<section class=\"bloque-contenedor    transparente\"   id=\"\">\r\n    <div class=\"container\">\r\n        <div class=\"\"> \r\n                        <div class=\"row\">\r\n                <div class=\"col-12  col-md-10 mx-auto\">                     \r\n\r\n                <div class=\"acf-innerblocks-container\">\n\n<p class=\"has-text-align-center mb-0 font-family-3\">Localizaci\u00f3n: Navalmoral de la Sierra (Alto Alberche) \/ A\u00f1o de plantaci\u00f3n: 1940 \/ Superficie: 0,48 ha. \/ Variedad: Garnacha<\/p>\n\n\n\n<hr class=\"wp-block-separator has-alpha-channel-opacity mb-0 mt-0\"\/>\n\n\n\n<p class=\"has-text-align-center font-family-3\">Altitud: 1.095msnm \/ Suelo: Granito en descomposici\u00f3n<\/p>\n\n<\/div>\r\n          \r\n                                <\/div>\r\n            <\/div>            \r\n        <\/div>\r\n    <\/div>\r\n<\/section>\r\n\n\n\r\n    \r\n\r\n<section class=\"bloque-contenedor    transparente pb-0\"   id=\"\">\r\n    <div class=\"container\">\r\n        <div class=\"\"> \r\n                                \r\n\r\n                <div class=\"acf-innerblocks-container\">\n\n<h2 class=\"wp-block-heading has-text-align-center mt-5\">&#8211; Vi\u00f1a de La Emboscada &#8211;<\/h2>\n\n\n\n<figure class=\"wp-block-gallery has-nested-images columns-default is-cropped wp-block-gallery-4 is-layout-flex wp-block-gallery-is-layout-flex\">\n<figure class=\"wp-block-image size-full blend-multiply\"><img loading=\"lazy\" decoding=\"async\" width=\"1800\" height=\"1030\" data-id=\"338\" src=\"https:\/\/consuladooscuro.org\/wp-content\/uploads\/2026\/04\/IlustracionEmboscadaVinasAlta.jpg\" alt=\"\" class=\"wp-image-338\" srcset=\"https:\/\/consuladooscuro.org\/wp-content\/uploads\/2026\/04\/IlustracionEmboscadaVinasAlta.jpg 1800w, https:\/\/consuladooscuro.org\/wp-content\/uploads\/2026\/04\/IlustracionEmboscadaVinasAlta-1200x687.jpg 1200w, https:\/\/consuladooscuro.org\/wp-content\/uploads\/2026\/04\/IlustracionEmboscadaVinasAlta-768x439.jpg 768w, https:\/\/consuladooscuro.org\/wp-content\/uploads\/2026\/04\/IlustracionEmboscadaVinasAlta-1536x879.jpg 1536w, https:\/\/consuladooscuro.org\/wp-content\/uploads\/2026\/04\/IlustracionEmboscadaVinasAlta-300x172.jpg 300w, https:\/\/consuladooscuro.org\/wp-content\/uploads\/2026\/04\/IlustracionEmboscadaVinasAlta-600x343.jpg 600w, https:\/\/consuladooscuro.org\/wp-content\/uploads\/2026\/04\/IlustracionEmboscadaVinasAlta-175x100.jpg 175w\" sizes=\"auto, (max-width: 1800px) 100vw, 1800px\" \/><\/figure>\n<\/figure>\n\n<\/div>\r\n          \r\n                            \r\n        <\/div>\r\n    <\/div>\r\n<\/section>\r\n\n\n\r\n    \r\n\r\n<section class=\"bloque-contenedor    transparente\"   id=\"\">\r\n    <div class=\"container\">\r\n        <div class=\"\"> \r\n                        <div class=\"row\">\r\n                <div class=\"col-12  col-md-10 mx-auto\">                     \r\n\r\n                <div class=\"acf-innerblocks-container\">\n\n<p class=\"has-text-align-center mb-0 font-family-3\">Localizaci\u00f3n: Navalmoral de la Sierra (Alto Alberche) \/ A\u00f1o de plantaci\u00f3n: 1940 \/ Superficie: 0,20 ha. \/ Variedad: Garnacha<\/p>\n\n\n\n<hr class=\"wp-block-separator has-alpha-channel-opacity mb-0 mt-0\"\/>\n\n\n\n<p class=\"has-text-align-center font-family-3\">Altitud: 1.035msnm \/ Suelo: Granito en descomposici\u00f3n<\/p>\n\n<\/div>\r\n          \r\n                                <\/div>\r\n            <\/div>            \r\n        <\/div>\r\n    <\/div>\r\n<\/section>","protected":false},"excerpt":{"rendered":"","protected":false},"author":1,"featured_media":0,"parent":0,"menu_order":0,"comment_status":"closed","ping_status":"closed","template":"page-full.php","meta":{"_acf_changed":false,"footnotes":""},"class_list":["post-64","page","type-page","status-publish","hentry"],"acf":[],"yoast_head":"<!-- This site is optimized with the Yoast SEO plugin v27.5 - https:\/\/yoast.com\/product\/yoast-seo-wordpress\/ -->\n<title>Vi\u00f1as - Consulado Oscuro<\/title>\n<meta name=\"robots\" content=\"index, follow, max-snippet:-1, max-image-preview:large, max-video-preview:-1\" \/>\n<link rel=\"canonical\" href=\"https:\/\/consuladooscuro.org\/en\/vinas\/\" \/>\n<meta property=\"og:locale\" content=\"en_GB\" \/>\n<meta property=\"og:type\" content=\"article\" \/>\n<meta property=\"og:title\" content=\"Vi\u00f1as - Consulado Oscuro\" \/>\n<meta property=\"og:url\" content=\"https:\/\/consuladooscuro.org\/en\/vinas\/\" \/>\n<meta property=\"og:site_name\" content=\"Consulado Oscuro\" \/>\n<meta property=\"article:modified_time\" content=\"2026-04-28T18:24:04+00:00\" \/>\n<meta property=\"og:image\" content=\"https:\/\/consuladooscuro.org\/wp-content\/uploads\/2026\/04\/estrellas-1.png\" \/>\n\t<meta property=\"og:image:width\" content=\"2222\" \/>\n\t<meta property=\"og:image:height\" content=\"282\" \/>\n\t<meta property=\"og:image:type\" content=\"image\/png\" \/>\n<meta name=\"twitter:card\" content=\"summary_large_image\" \/>\n<meta name=\"twitter:label1\" content=\"Estimated reading time\" \/>\n\t<meta name=\"twitter:data1\" content=\"3 minutes\" \/>\n<script type=\"application\/ld+json\" class=\"yoast-schema-graph\">{\"@context\":\"https:\\\/\\\/schema.org\",\"@graph\":[{\"@type\":\"WebPage\",\"@id\":\"https:\\\/\\\/consuladooscuro.org\\\/vinas\\\/\",\"url\":\"https:\\\/\\\/consuladooscuro.org\\\/vinas\\\/\",\"name\":\"Vi\u00f1as - Consulado Oscuro\",\"isPartOf\":{\"@id\":\"https:\\\/\\\/consuladooscuro.org\\\/#website\"},\"primaryImageOfPage\":{\"@id\":\"https:\\\/\\\/consuladooscuro.org\\\/vinas\\\/#primaryimage\"},\"image\":{\"@id\":\"https:\\\/\\\/consuladooscuro.org\\\/vinas\\\/#primaryimage\"},\"thumbnailUrl\":\"https:\\\/\\\/consuladooscuro.org\\\/wp-content\\\/uploads\\\/2026\\\/04\\\/estrellas-1-1800x228.png\",\"datePublished\":\"2026-04-16T08:48:19+00:00\",\"dateModified\":\"2026-04-28T18:24:04+00:00\",\"breadcrumb\":{\"@id\":\"https:\\\/\\\/consuladooscuro.org\\\/vinas\\\/#breadcrumb\"},\"inLanguage\":\"en-GB\",\"potentialAction\":[{\"@type\":\"ReadAction\",\"target\":[\"https:\\\/\\\/consuladooscuro.org\\\/vinas\\\/\"]}]},{\"@type\":\"ImageObject\",\"inLanguage\":\"en-GB\",\"@id\":\"https:\\\/\\\/consuladooscuro.org\\\/vinas\\\/#primaryimage\",\"url\":\"https:\\\/\\\/consuladooscuro.org\\\/wp-content\\\/uploads\\\/2026\\\/04\\\/estrellas-1-1800x228.png\",\"contentUrl\":\"https:\\\/\\\/consuladooscuro.org\\\/wp-content\\\/uploads\\\/2026\\\/04\\\/estrellas-1-1800x228.png\"},{\"@type\":\"BreadcrumbList\",\"@id\":\"https:\\\/\\\/consuladooscuro.org\\\/vinas\\\/#breadcrumb\",\"itemListElement\":[{\"@type\":\"ListItem\",\"position\":1,\"name\":\"Portada\",\"item\":\"https:\\\/\\\/consuladooscuro.org\\\/\"},{\"@type\":\"ListItem\",\"position\":2,\"name\":\"Vi\u00f1as\"}]},{\"@type\":\"WebSite\",\"@id\":\"https:\\\/\\\/consuladooscuro.org\\\/#website\",\"url\":\"https:\\\/\\\/consuladooscuro.org\\\/\",\"name\":\"Consulado Oscuro\",\"description\":\"Consulado Oscuro\",\"potentialAction\":[{\"@type\":\"SearchAction\",\"target\":{\"@type\":\"EntryPoint\",\"urlTemplate\":\"https:\\\/\\\/consuladooscuro.org\\\/?s={search_term_string}\"},\"query-input\":{\"@type\":\"PropertyValueSpecification\",\"valueRequired\":true,\"valueName\":\"search_term_string\"}}],\"inLanguage\":\"en-GB\"}]}<\/script>\n<!-- \/ Yoast SEO plugin. -->","yoast_head_json":{"title":"Vi\u00f1as - Consulado Oscuro","robots":{"index":"index","follow":"follow","max-snippet":"max-snippet:-1","max-image-preview":"max-image-preview:large","max-video-preview":"max-video-preview:-1"},"canonical":"https:\/\/consuladooscuro.org\/en\/vinas\/","og_locale":"en_GB","og_type":"article","og_title":"Vi\u00f1as - Consulado Oscuro","og_url":"https:\/\/consuladooscuro.org\/en\/vinas\/","og_site_name":"Consulado Oscuro","article_modified_time":"2026-04-28T18:24:04+00:00","og_image":[{"width":2222,"height":282,"url":"https:\/\/consuladooscuro.org\/wp-content\/uploads\/2026\/04\/estrellas-1.png","type":"image\/png"}],"twitter_card":"summary_large_image","twitter_misc":{"Estimated reading time":"3 minutes"},"schema":{"@context":"https:\/\/schema.org","@graph":[{"@type":"WebPage","@id":"https:\/\/consuladooscuro.org\/vinas\/","url":"https:\/\/consuladooscuro.org\/vinas\/","name":"Vi\u00f1as - Consulado Oscuro","isPartOf":{"@id":"https:\/\/consuladooscuro.org\/#website"},"primaryImageOfPage":{"@id":"https:\/\/consuladooscuro.org\/vinas\/#primaryimage"},"image":{"@id":"https:\/\/consuladooscuro.org\/vinas\/#primaryimage"},"thumbnailUrl":"https:\/\/consuladooscuro.org\/wp-content\/uploads\/2026\/04\/estrellas-1-1800x228.png","datePublished":"2026-04-16T08:48:19+00:00","dateModified":"2026-04-28T18:24:04+00:00","breadcrumb":{"@id":"https:\/\/consuladooscuro.org\/vinas\/#breadcrumb"},"inLanguage":"en-GB","potentialAction":[{"@type":"ReadAction","target":["https:\/\/consuladooscuro.org\/vinas\/"]}]},{"@type":"ImageObject","inLanguage":"en-GB","@id":"https:\/\/consuladooscuro.org\/vinas\/#primaryimage","url":"https:\/\/consuladooscuro.org\/wp-content\/uploads\/2026\/04\/estrellas-1-1800x228.png","contentUrl":"https:\/\/consuladooscuro.org\/wp-content\/uploads\/2026\/04\/estrellas-1-1800x228.png"},{"@type":"BreadcrumbList","@id":"https:\/\/consuladooscuro.org\/vinas\/#breadcrumb","itemListElement":[{"@type":"ListItem","position":1,"name":"Portada","item":"https:\/\/consuladooscuro.org\/"},{"@type":"ListItem","position":2,"name":"Vi\u00f1as"}]},{"@type":"WebSite","@id":"https:\/\/consuladooscuro.org\/#website","url":"https:\/\/consuladooscuro.org\/","name":"Consulado Oscuro","description":"Consulado Oscuro","potentialAction":[{"@type":"SearchAction","target":{"@type":"EntryPoint","urlTemplate":"https:\/\/consuladooscuro.org\/?s={search_term_string}"},"query-input":{"@type":"PropertyValueSpecification","valueRequired":true,"valueName":"search_term_string"}}],"inLanguage":"en-GB"}]}},"_links":{"self":[{"href":"https:\/\/consuladooscuro.org\/en\/wp-json\/wp\/v2\/pages\/64","targetHints":{"allow":["GET"]}}],"collection":[{"href":"https:\/\/consuladooscuro.org\/en\/wp-json\/wp\/v2\/pages"}],"about":[{"href":"https:\/\/consuladooscuro.org\/en\/wp-json\/wp\/v2\/types\/page"}],"author":[{"embeddable":true,"href":"https:\/\/consuladooscuro.org\/en\/wp-json\/wp\/v2\/users\/1"}],"replies":[{"embeddable":true,"href":"https:\/\/consuladooscuro.org\/en\/wp-json\/wp\/v2\/comments?post=64"}],"version-history":[{"count":61,"href":"https:\/\/consuladooscuro.org\/en\/wp-json\/wp\/v2\/pages\/64\/revisions"}],"predecessor-version":[{"id":363,"href":"https:\/\/consuladooscuro.org\/en\/wp-json\/wp\/v2\/pages\/64\/revisions\/363"}],"wp:attachment":[{"href":"https:\/\/consuladooscuro.org\/en\/wp-json\/wp\/v2\/media?parent=64"}],"curies":[{"name":"wp","href":"https:\/\/api.w.org\/{rel}","templated":true}]}}