{"id":62,"date":"2026-04-16T08:47:57","date_gmt":"2026-04-16T08:47:57","guid":{"rendered":"https:\/\/consuladooscuro.org\/?page_id=62"},"modified":"2026-04-23T15:18:38","modified_gmt":"2026-04-23T13:18:38","slug":"politica-de-privacidad","status":"publish","type":"page","link":"https:\/\/consuladooscuro.org\/en\/politica-de-privacidad\/","title":{"rendered":"Privacy Policy"},"content":{"rendered":"<h3 class=\"wp-block-heading\">1. PROTECCI\u00d3N DE DATOS DE CAR\u00c1CTER PERSONAL SEG\u00daN LA LOPD<\/h3>\n\n\n\n<p>CONSULADO OSCURO S.L., en aplicaci\u00f3n de la normativa vigente en materia de protecci\u00f3n de datos de car\u00e1cter personal, informa que los datos personales que se recogen a trav\u00e9s de los formularios del Sitio web: www.consuladooscuro.org se incluyen en los ficheros automatizados espec\u00edficos de usuarios de los servicios de CONSULADO OSCURO S.L.<\/p>\n\n\n\n<p>La recogida y tratamiento automatizado de los datos de car\u00e1cter personal tiene como finalidad el mantenimiento de la relaci\u00f3n comercial y el desempe\u00f1o de tareas de informaci\u00f3n, formaci\u00f3n, asesoramiento y otras actividades propias de CONSULADO OSCURO S.L.<\/p>\n\n\n\n<p>Estos datos \u00fanicamente ser\u00e1n cedidos a aquellas entidades que sean necesarias con el \u00fanico objetivo de dar cumplimiento a la finalidad anteriormente expuesta.<\/p>\n\n\n\n<p>CONSULADO OSCURO S.L. adopta las medidas necesarias para garantizar la seguridad, integridad y confidencialidad de los datos conforme a lo dispuesto en el Reglamento (UE) 2016\/679 del Parlamento Europeo y del Consejo, de 27 de abril de 2016, relativo a la protecci\u00f3n de las personas f\u00edsicas en lo que respecta al tratamiento de datos personales y a la libre circulaci\u00f3n de los mismos.<\/p>\n\n\n\n<p>El usuario podr\u00e1 en cualquier momento ejercitar los derechos de acceso, oposici\u00f3n, rectificaci\u00f3n y cancelaci\u00f3n reconocidos en el citado Reglamento (UE). El ejercicio de estos derechos puede realizarlo el propio usuario a trav\u00e9s de email a: oficina@consuladooscuro.org o en la direcci\u00f3n:\u00a0C. Madro\u00f1era 28290, Las Matas (Madrid).<\/p>\n\n\n\n<p>El usuario manifiesta que todos los datos facilitados por \u00e9l son ciertos y correctos, y se compromete a mantenerlos actualizados, comunicando los cambios a CONSULADO OSCURO S.L.<\/p>\n\n\n\n<h3 class=\"wp-block-heading\">2. IDENTIFICACI\u00d3N<\/h3>\n\n\n\n<p>\u2022 Titular: CONSULADO OSCURO S.L.. (en adelante, \u00abConsulado Oscuro\u00bb).<br>\u2022 NIF: B13958004\u00a0\u00a0<br>\u2022 Domicilio social:\u00a0C. Madro\u00f1era 28290, Las Matas (Madrid)<br>\u2022 Correo electr\u00f3nico: oficina@consuladooscuro.org<br>\u2022 Delegado de Protecci\u00f3n de Datos: El usuario puede contactar con el Delegado de Protecci\u00f3n de Datos mediante escrito dirigido al domicilio a Consulado Oscuro a la atenci\u00f3n del \u201cDelegado de Protecci\u00f3n de Datos\u201d o al correo electr\u00f3nico oficina@consuladooscuro.org<\/p>\n\n\n\n<h3 class=\"wp-block-heading\">3. FINALIDAD DEL TRATAMIENTO DE LOS DATOS PERSONALES<\/h3>\n\n\n\n<p>\u00bfCon qu\u00e9 finalidad trataremos tus datos personales?<\/p>\n\n\n\n<p>En CONSULADO OSCURO S.L., trataremos tus datos personales recabados a trav\u00e9s del Sitio Web: www.consuladooscuro.org con las siguientes finalidades:<\/p>\n\n\n\n<p>1. En caso de contrataci\u00f3n de los bienes y servicios ofertados a trav\u00e9s de www.consuladooscuro.org, para mantener la relaci\u00f3n contractual, as\u00ed como la gesti\u00f3n, administraci\u00f3n, informaci\u00f3n, prestaci\u00f3n y mejora del servicio.<br>2. Env\u00edo de informaci\u00f3n solicitada a trav\u00e9s de los formularios dispuestos en www.consuladooscuro.org<br>3. Remitir boletines (newsletters), as\u00ed como comunicaciones comerciales de promociones y\/o publicidad de www.consuladooscuro.org y del sector.<br><br>Te recordamos que puedes oponerte al env\u00edo de comunicaciones comerciales por cualquier v\u00eda y en cualquier momento, remitiendo un correo electr\u00f3nico a la direcci\u00f3n indicada anteriormente.<br>Los campos de dichos registros son de cumplimentaci\u00f3n obligatoria, siendo imposible realizar las finalidades expresadas si no se aportan esos datos.<\/p>\n\n\n\n<h3 class=\"wp-block-heading\">4. \u00bfPOR CU\u00c1NTO TIEMPO SE CONSERVAN LOS DATOS PERSONALES RECABADOS?<\/h3>\n\n\n\n<p>Los datos personales proporcionados se conservar\u00e1n mientras se mantenga la relaci\u00f3n comercial o no solicites su supresi\u00f3n y durante el plazo por el cu\u00e1l pudieran derivarse responsabilidades legales por los servicios prestados.<\/p>\n\n\n\n<h3 class=\"wp-block-heading\">5. COOKIES, SERVICIOS DE AN\u00c1LISIS WEB Y REDES SOCIALES<\/h3>\n\n\n\n<p>Utilizamos cookies, servicios de an\u00e1lisis web y complementos de redes sociales en nuestro sitio web para mejorar tu experiencia de navegaci\u00f3n. Para consultar nuestra pol\u00edtica de cookies, haz click <a href=\"https:\/\/www.tomevinos.com\/cookies\">aqu\u00ed<\/a>.<\/p>\n\n\n\n<h3 class=\"wp-block-heading\">6. LEGITIMACI\u00d3N:<\/h3>\n\n\n\n<p>El tratamiento de tus datos se realiza con las siguientes bases jur\u00eddicas que legitiman el mismo:<\/p>\n\n\n\n<p>1. La solicitud de informaci\u00f3n y\/o la contrataci\u00f3n de los servicios de CONSULADO OSCURO S.L., cuyos t\u00e9rminos y condiciones se pondr\u00e1n a tu disposici\u00f3n en todo caso, de forma previa a una eventual contrataci\u00f3n.<br>2. El consentimiento libre, espec\u00edfico, informado e inequ\u00edvoco, en tanto que te informamos poniendo a tu disposici\u00f3n la presente pol\u00edtica de privacidad, que tras la lectura de la misma, en caso de estar conforme, puedes aceptar mediante una declaraci\u00f3n o una clara acci\u00f3n afirmativa, como el marcado de una casilla dispuesta al efecto.<br>En caso de que no nos facilites tus datos o lo hagas de forma err\u00f3nea o incompleta, no podremos atender tu solicitud, resultando del todo imposible proporcionarte la informaci\u00f3n solicitada o llevar a cabo la contrataci\u00f3n de los servicios.<\/p>\n\n\n\n<h3 class=\"wp-block-heading\">7. DESTINATARIOS:<\/h3>\n\n\n\n<p>Los datos no se comunicar\u00e1n a ning\u00fan tercero ajeno a CONSULADO OSCURO S.L., salvo obligaci\u00f3n legal.<\/p>\n\n\n\n<p>Adicionalmente, Podremos compartir los datos personales del usuario\/cliente\/proveedor con terceros siempre que sea necesario para poder prestar los Servicios a los que nuestros clientes\/proveedores tienen derecho o para las finalidades descritas en la presente Pol\u00edtica de Protecci\u00f3n de Datos.<\/p>\n\n\n\n<h3 class=\"wp-block-heading\">8. DATOS RECOPILADOS POR USUARIOS DE LOS SERVICIOS<\/h3>\n\n\n\n<p>En los casos en que el usuario incluya ficheros con datos de car\u00e1cter personal en los servidores de alojamiento compartido, CONSULADO OSCURO S.L. no se hace responsable del incumplimiento por parte del usuario del RGPD.<\/p>\n\n\n\n<h3 class=\"wp-block-heading\">9. LSSI RETENCI\u00d3N DE DATOS EN CONFORMIDAD A LA LSSI<\/h3>\n\n\n\n<p>CONSULADO OSCURO S.L. informa de que, como prestador de servicio de alojamiento de datos y en virtud de lo establecido en la Ley 34\/2002 de 11 de julio de Servicios de la Sociedad de la Informaci\u00f3n y de Comercio Electr\u00f3nico (LSSI), retiene por un periodo m\u00e1ximo de 12 meses la informaci\u00f3n imprescindible para identificar el origen de los datos alojados y el momento en que se inici\u00f3 la prestaci\u00f3n del servicio. La retenci\u00f3n de estos datos no afecta al secreto de las comunicaciones y s\u00f3lo podr\u00e1n ser utilizados en el marco de una investigaci\u00f3n criminal o para la salvaguardia de la seguridad p\u00fablica, poni\u00e9ndose a disposici\u00f3n de los jueces y\/o tribunales o del Ministerio que as\u00ed los requiera.<\/p>\n\n\n\n<p>La comunicaci\u00f3n de datos a las Fuerzas y Cuerpos del Estado se har\u00e1 en virtud a lo dispuesto en la normativa sobre protecci\u00f3n de datos personales.<br><\/p>\n\n\n\n<h3 class=\"wp-block-heading\">10. PROPIEDAD INTELECTUAL DE LOS CONTENIDOS ALOJADOS<\/h3>\n\n\n\n<p>Se proh\u00edbe el uso contrario a la legislaci\u00f3n sobre propiedad intelectual de los servicios prestados por CONSULADO OSCURO S.L. y, en particular de:<\/p>\n\n\n\n<p>\u00b7 La utilizaci\u00f3n que resulte contraria a las leyes espa\u00f1olas o que infrinja los derechos de terceros.<br>\u00b7 La publicaci\u00f3n o la transmisi\u00f3n de cualquier contenido que, a juicio de CONSULADO OSCURO S.L., resulte violento, obsceno, abusivo, ilegal, racial, xen\u00f3fobo o difamatorio.<br>\u00b7 Los cracks, n\u00fameros de serie de programas o cualquier otro contenido que vulnere derechos de la propiedad intelectual de terceros.<br>\u00b7 La recogida y\/o utilizaci\u00f3n de datos personales de otros usuarios sin su consentimiento expreso o contraviniendo lo dispuesto en Reglamento (UE) 2016\/679 del Parlamento Europeo y del Consejo, de 27 de abril de 2016, relativo a la protecci\u00f3n de las personas f\u00edsicas en lo que respecta al tratamiento de datos personales y a la libre circulaci\u00f3n de los mismos.<br>\u00b7 La utilizaci\u00f3n del servidor de correo del dominio y de las direcciones de correo electr\u00f3nico para el env\u00edo de correo masivo no deseado.<br><br>El usuario tiene toda la responsabilidad sobre el contenido de su web, la informaci\u00f3n transmitida y almacenada, los enlaces de hipertexto, las reivindicaciones de terceros y las acciones legales en referencia a propiedad intelectual, derechos de terceros y protecci\u00f3n de menores.<\/p>\n\n\n\n<p>El usuario es responsable respecto a las leyes y reglamentos en vigor y las reglas que tienen que ver con el funcionamiento del servicio online, comercio electr\u00f3nico, derechos de autor, mantenimiento del orden p\u00fablico, as\u00ed como principios universales de uso de Internet.<\/p>\n\n\n\n<p>El usuario indemnizar\u00e1 a CONSULADO OSCURO S.L. por los gastos que generara la imputaci\u00f3n de la CONSULADO OSCURO S.L. en alguna causa cuya responsabilidad fuera atribuible al usuario, incluidos honorarios y gastos de defensa jur\u00eddica, incluso en el caso de una decisi\u00f3n judicial no definitiva.<\/p>\n\n\n\n<h3 class=\"wp-block-heading\">11. PROTECCI\u00d3N DE LA INFORMACI\u00d3N ALOJADA<\/h3>\n\n\n\n<p>CONSULADO OSCURO S.L. realiza copias de seguridad de los contenidos alojados en sus servidores, sin embargo no se responsabiliza de la p\u00e9rdida o el borrado accidental de los datos por parte de los usuarios. De igual manera, no garantiza la reposici\u00f3n total de los datos borrados por los usuarios, ya que los citados datos podr\u00edan haber sido suprimidos y\/o modificados durante el periodo del tiempo transcurrido desde la \u00faltima copia de seguridad.<br>Los servicios ofertados, excepto los servicios espec\u00edficos de backup, no incluyen la reposici\u00f3n de los contenidos conservados en las copias de seguridad realizadas por CONSULADO OSCURO S.L., cuando esta p\u00e9rdida sea imputable al usuario; en este caso, se determinar\u00e1 una tarifa acorde a la complejidad y volumen de la recuperaci\u00f3n, siempre previa aceptaci\u00f3n del usuario.<\/p>\n\n\n\n<p>La reposici\u00f3n de datos borrados s\u00f3lo est\u00e1 incluida en el precio del servicio cuando la p\u00e9rdida del contenido sea debida a causas atribuibles a CONSULADO OSCURO S.L..<\/p>\n\n\n\n<h3 class=\"wp-block-heading\">12. RESPONSABILIDAD DEL USUARIO<\/h3>\n\n\n\n<p>El usuario:<\/p>\n\n\n\n<p>\u2022 Garantiza que es mayor de dieciocho (18) a\u00f1os y que los datos que facilita a Consulado Oscuro son verdaderos, exactos, completos y actualizados. A estos efectos, el usuario responde de la veracidad de todos los datos que comunique y mantendr\u00e1 convenientemente actualizada la informaci\u00f3n facilitada, de tal forma que responda a su situaci\u00f3n real.<br>\u2022 Garantiza que ha informado a los terceros de los que facilite sus datos, en caso de hacerlo, de los aspectos contenidos en este documento. Asimismo, garantiza que ha obtenido su autorizaci\u00f3n para facilitar sus datos a Consulado Oscuro para los fines se\u00f1alados.<br>\u2022 Ser\u00e1 responsable de las informaciones falsas o inexactas que proporcione a trav\u00e9s del Sitio Web y de los da\u00f1os y perjuicios, directos o indirectos, que ello cause a Consulado Oscuro o a terceros.<\/p>\n\n\n\n<h3 class=\"wp-block-heading\">13. COMUNICACIONES COMERCIALES<\/h3>\n\n\n\n<p>En aplicaci\u00f3n de la LSSI, CONSULADO OSCURO S.L. no enviar\u00e1 comunicaciones publicitarias o promocionales por correo electr\u00f3nico u otro medio de comunicaci\u00f3n electr\u00f3nica equivalente que previamente no hubieran sido solicitadas o expresamente autorizadas por los destinatarios de las mismas.<\/p>\n\n\n\n<p>En el caso de usuarios con los que exista una relaci\u00f3n contractual previa, CONSULADO OSCURO S.L. s\u00ed est\u00e1 autorizado al env\u00edo de comunicaciones comerciales referentes a productos o servicios de CONSULADO OSCURO S.L. que sean similares a los que inicialmente fueron objeto de contrataci\u00f3n con el cliente.<\/p>\n\n\n\n<p>En todo caso, el usuario, tras acreditar su identidad, podr\u00e1 solicitar que no se le haga llegar m\u00e1s informaci\u00f3n comercial a trav\u00e9s de los canales de Atenci\u00f3n al Cliente.<\/p>\n\n\n\n<h3 class=\"wp-block-heading\">14. CAMBIOS EN LA POL\u00cdTICA DE PRIVACIDAD<\/h3>\n\n\n\n<p>Para garantizar que nuestras directrices de protecci\u00f3n de datos cumplan siempre con los requisitos legales actuales, nos reservamos el derecho de realizar cambios para estar siempre adecuados a la legislaci\u00f3n vigente.<\/p>","protected":false},"excerpt":{"rendered":"<p>1. PROTECCI\u00d3N DE DATOS DE CAR\u00c1CTER PERSONAL SEG\u00daN LA LOPD CONSULADO OSCURO S.L., en aplicaci\u00f3n de la normativa vigente en materia de protecci\u00f3n de datos de car\u00e1cter personal, informa que [&hellip;]<\/p>\n","protected":false},"author":1,"featured_media":0,"parent":0,"menu_order":0,"comment_status":"closed","ping_status":"closed","template":"","meta":{"_acf_changed":false,"footnotes":""},"class_list":["post-62","page","type-page","status-publish","hentry"],"acf":[],"yoast_head":"<!-- This site is optimized with the Yoast SEO plugin v27.5 - https:\/\/yoast.com\/product\/yoast-seo-wordpress\/ -->\n<title>Pol\u00edtica de Privacidad - Consulado Oscuro<\/title>\n<meta name=\"robots\" content=\"index, follow, max-snippet:-1, max-image-preview:large, max-video-preview:-1\" \/>\n<link rel=\"canonical\" href=\"https:\/\/consuladooscuro.org\/en\/politica-de-privacidad\/\" \/>\n<meta property=\"og:locale\" content=\"en_GB\" \/>\n<meta property=\"og:type\" content=\"article\" \/>\n<meta property=\"og:title\" content=\"Pol\u00edtica de Privacidad - Consulado Oscuro\" \/>\n<meta property=\"og:description\" content=\"1. PROTECCI\u00d3N DE DATOS DE CAR\u00c1CTER PERSONAL SEG\u00daN LA LOPD CONSULADO OSCURO S.L., en aplicaci\u00f3n de la normativa vigente en materia de protecci\u00f3n de datos de car\u00e1cter personal, informa que [&hellip;]\" \/>\n<meta property=\"og:url\" content=\"https:\/\/consuladooscuro.org\/en\/politica-de-privacidad\/\" \/>\n<meta property=\"og:site_name\" content=\"Consulado Oscuro\" \/>\n<meta property=\"article:modified_time\" content=\"2026-04-23T13:18:38+00:00\" \/>\n<meta name=\"twitter:card\" content=\"summary_large_image\" \/>\n<meta name=\"twitter:label1\" content=\"Estimated reading time\" \/>\n\t<meta name=\"twitter:data1\" content=\"9 minutes\" \/>\n<script type=\"application\/ld+json\" class=\"yoast-schema-graph\">{\"@context\":\"https:\\\/\\\/schema.org\",\"@graph\":[{\"@type\":\"WebPage\",\"@id\":\"https:\\\/\\\/consuladooscuro.org\\\/politica-de-privacidad\\\/\",\"url\":\"https:\\\/\\\/consuladooscuro.org\\\/politica-de-privacidad\\\/\",\"name\":\"Pol\u00edtica de Privacidad - Consulado Oscuro\",\"isPartOf\":{\"@id\":\"https:\\\/\\\/consuladooscuro.org\\\/#website\"},\"datePublished\":\"2026-04-16T08:47:57+00:00\",\"dateModified\":\"2026-04-23T13:18:38+00:00\",\"breadcrumb\":{\"@id\":\"https:\\\/\\\/consuladooscuro.org\\\/politica-de-privacidad\\\/#breadcrumb\"},\"inLanguage\":\"en-GB\",\"potentialAction\":[{\"@type\":\"ReadAction\",\"target\":[\"https:\\\/\\\/consuladooscuro.org\\\/politica-de-privacidad\\\/\"]}]},{\"@type\":\"BreadcrumbList\",\"@id\":\"https:\\\/\\\/consuladooscuro.org\\\/politica-de-privacidad\\\/#breadcrumb\",\"itemListElement\":[{\"@type\":\"ListItem\",\"position\":1,\"name\":\"Portada\",\"item\":\"https:\\\/\\\/consuladooscuro.org\\\/\"},{\"@type\":\"ListItem\",\"position\":2,\"name\":\"Pol\u00edtica de Privacidad\"}]},{\"@type\":\"WebSite\",\"@id\":\"https:\\\/\\\/consuladooscuro.org\\\/#website\",\"url\":\"https:\\\/\\\/consuladooscuro.org\\\/\",\"name\":\"Consulado Oscuro\",\"description\":\"Consulado Oscuro\",\"potentialAction\":[{\"@type\":\"SearchAction\",\"target\":{\"@type\":\"EntryPoint\",\"urlTemplate\":\"https:\\\/\\\/consuladooscuro.org\\\/?s={search_term_string}\"},\"query-input\":{\"@type\":\"PropertyValueSpecification\",\"valueRequired\":true,\"valueName\":\"search_term_string\"}}],\"inLanguage\":\"en-GB\"}]}<\/script>\n<!-- \/ Yoast SEO plugin. -->","yoast_head_json":{"title":"Pol\u00edtica de Privacidad - Consulado Oscuro","robots":{"index":"index","follow":"follow","max-snippet":"max-snippet:-1","max-image-preview":"max-image-preview:large","max-video-preview":"max-video-preview:-1"},"canonical":"https:\/\/consuladooscuro.org\/en\/politica-de-privacidad\/","og_locale":"en_GB","og_type":"article","og_title":"Pol\u00edtica de Privacidad - Consulado Oscuro","og_description":"1. PROTECCI\u00d3N DE DATOS DE CAR\u00c1CTER PERSONAL SEG\u00daN LA LOPD CONSULADO OSCURO S.L., en aplicaci\u00f3n de la normativa vigente en materia de protecci\u00f3n de datos de car\u00e1cter personal, informa que [&hellip;]","og_url":"https:\/\/consuladooscuro.org\/en\/politica-de-privacidad\/","og_site_name":"Consulado Oscuro","article_modified_time":"2026-04-23T13:18:38+00:00","twitter_card":"summary_large_image","twitter_misc":{"Estimated reading time":"9 minutes"},"schema":{"@context":"https:\/\/schema.org","@graph":[{"@type":"WebPage","@id":"https:\/\/consuladooscuro.org\/politica-de-privacidad\/","url":"https:\/\/consuladooscuro.org\/politica-de-privacidad\/","name":"Pol\u00edtica de Privacidad - Consulado Oscuro","isPartOf":{"@id":"https:\/\/consuladooscuro.org\/#website"},"datePublished":"2026-04-16T08:47:57+00:00","dateModified":"2026-04-23T13:18:38+00:00","breadcrumb":{"@id":"https:\/\/consuladooscuro.org\/politica-de-privacidad\/#breadcrumb"},"inLanguage":"en-GB","potentialAction":[{"@type":"ReadAction","target":["https:\/\/consuladooscuro.org\/politica-de-privacidad\/"]}]},{"@type":"BreadcrumbList","@id":"https:\/\/consuladooscuro.org\/politica-de-privacidad\/#breadcrumb","itemListElement":[{"@type":"ListItem","position":1,"name":"Portada","item":"https:\/\/consuladooscuro.org\/"},{"@type":"ListItem","position":2,"name":"Pol\u00edtica de Privacidad"}]},{"@type":"WebSite","@id":"https:\/\/consuladooscuro.org\/#website","url":"https:\/\/consuladooscuro.org\/","name":"Consulado Oscuro","description":"Consulado Oscuro","potentialAction":[{"@type":"SearchAction","target":{"@type":"EntryPoint","urlTemplate":"https:\/\/consuladooscuro.org\/?s={search_term_string}"},"query-input":{"@type":"PropertyValueSpecification","valueRequired":true,"valueName":"search_term_string"}}],"inLanguage":"en-GB"}]}},"_links":{"self":[{"href":"https:\/\/consuladooscuro.org\/en\/wp-json\/wp\/v2\/pages\/62","targetHints":{"allow":["GET"]}}],"collection":[{"href":"https:\/\/consuladooscuro.org\/en\/wp-json\/wp\/v2\/pages"}],"about":[{"href":"https:\/\/consuladooscuro.org\/en\/wp-json\/wp\/v2\/types\/page"}],"author":[{"embeddable":true,"href":"https:\/\/consuladooscuro.org\/en\/wp-json\/wp\/v2\/users\/1"}],"replies":[{"embeddable":true,"href":"https:\/\/consuladooscuro.org\/en\/wp-json\/wp\/v2\/comments?post=62"}],"version-history":[{"count":5,"href":"https:\/\/consuladooscuro.org\/en\/wp-json\/wp\/v2\/pages\/62\/revisions"}],"predecessor-version":[{"id":322,"href":"https:\/\/consuladooscuro.org\/en\/wp-json\/wp\/v2\/pages\/62\/revisions\/322"}],"wp:attachment":[{"href":"https:\/\/consuladooscuro.org\/en\/wp-json\/wp\/v2\/media?parent=62"}],"curies":[{"name":"wp","href":"https:\/\/api.w.org\/{rel}","templated":true}]}}