{"id":60,"date":"2026-04-16T08:47:39","date_gmt":"2026-04-16T08:47:39","guid":{"rendered":"https:\/\/consuladooscuro.org\/?page_id=60"},"modified":"2026-04-23T15:16:00","modified_gmt":"2026-04-23T13:16:00","slug":"aviso-legal","status":"publish","type":"page","link":"https:\/\/consuladooscuro.org\/en\/aviso-legal\/","title":{"rendered":"Legal Notice"},"content":{"rendered":"<h3 class=\"wp-block-heading\">1.\u2010 Titularidad de la P\u00e1gina Web<\/h3>\n\n\n\n<p>Las presentes Condiciones Generales de Contrataci\u00f3n (en adelante, las \u201c<strong>Condiciones Generales<\/strong>\u201d), junto con las condiciones particulares que puedan establecerse, regulan las condiciones de compra de productos a trav\u00e9s del sitio web <a href=\"https:\/\/consuladooscuro.org\/en\/\">www.consuladooscuro.org<\/a> (en adelante, el \u201c<strong>Sitio Web<\/strong>\u201d o el \u201c<strong>Portal<\/strong>\u201d), titularidad de\u00a0CONSULADO OSCURO, S.L.\u00a0(en adelante \u201c<strong>EL TITULAR<\/strong>\u201d), con C.I.F. B13958004\u00a0\u00a0, inscrita en el Registro Mercantil de MADRID T45530 , F 12, S 8, H M 800773, I\/A 1 (17.07.23), cuyo domicilio social se encuentra en calle\u00a0\u00a0C. Madro\u00f1era  28290, Las Matas (Madrid)\u00a0con tel\u00e9fono\u00a0<a href=\"tel:667351530\">667 35 15 30<\/a>\u00a0.<\/p>\n\n\n\n<h3 class=\"wp-block-heading\">2.\u2010 Uso del Portal<\/h3>\n\n\n\n<p>El presente Aviso Legal (en adelante, \u201c<strong>Legal Notice<\/strong>\u201d), junto con las&nbsp; Condiciones Generales&nbsp;(en adelante, \u201c<strong>Condiciones Generales<\/strong>\u201d), establecen las condiciones que regulan la utilizaci\u00f3n de los servicios de la sociedad de la informaci\u00f3n que EL TITULAR pone a disposici\u00f3n de los usuarios de la red Internet a trav\u00e9s del Sitio Web. Los aspectos relativos al tratamiento de los datos personales de los Usuarios con motivo del uso del Sitio Web se hallan regulados en la&nbsp;Pol\u00edtica de Privacidad.<\/p>\n\n\n\n<p>De este modo, el acceso y uso del Sitio Web suponen que el usuario del mismo (en adelante, el \u201c<strong>Usuario<\/strong>\u201d) acepta en su totalidad y se obliga a cumplir por completo el presente Aviso Legal, las&nbsp; Condiciones Generales, Pol\u00edtica de Privacidad&nbsp;as\u00ed como las instrucciones o recomendaciones que se le indique en cada caso concreto.<\/p>\n\n\n\n<p>Asimismo, para acceder a algunos de los servicios que www.consuladooscuro.org ofrece a trav\u00e9s del website deber\u00e1 proporcionar algunos datos de car\u00e1cter personal. En cumplimiento de lo establecido en el Reglamento (UE) 2016\/679 del Parlamento Europeo y del Consejo, de 27 de abril de 2016, relativo a la protecci\u00f3n de las personas f\u00edsicas en lo que respecta al tratamiento de datos personales y a la libre circulaci\u00f3n de estos datos le informamos que, mediante la cumplimentaci\u00f3n de los presentes formularios, sus datos personales quedar\u00e1n incorporados y ser\u00e1n tratados en los ficheros de CONSULADO OSCURO, S.L con el fin de poderle prestar y ofrecer nuestros servicios as\u00ed como para informarle de las mejoras del sitio Web. Asimismo, le informamos de la posibilidad de que ejerza los derechos de acceso, rectificaci\u00f3n, cancelaci\u00f3n y oposici\u00f3n de sus datos de car\u00e1cter personal, manera gratuita mediante email a oficina@consuladooscuro.org o en la direcci\u00f3n\u00a0C. Madro\u00f1era  28290, Las Matas (Madrid).<\/p>\n\n\n\n<p>El acceso al Sitio Web es gratuito, salvo en lo relativo al coste de conexi\u00f3n a trav\u00e9s de la red de telecomunicaciones suministrada por el proveedor de acceso que hubiere contratado el Usuario.<\/p>\n\n\n\n<p>EL TITULAR se reserva la facultad de efectuar, en cualquier momento y sin necesidad de previo aviso, modificaciones y actualizaciones del Sitio Web y sus contenidos, configuraci\u00f3n y presentaci\u00f3n, incluido este Aviso Legal y las&nbsp; Condiciones Generales, por lo que recomendamos su lectura antes de cada acceso y navegaci\u00f3n por el Portal.<\/p>\n\n\n\n<p>El Usuario se compromete a no usar el Sitio Web con fines fraudulentos, as\u00ed como a no llevar a cabo conducta alguna que pudiera da\u00f1ar la imagen, los intereses y los derechos de EL TITULAR o de terceros, oblig\u00e1ndose a utilizar el Portal, los servicios y los contenidos incluidos en el mismo de forma diligente, correcta y l\u00edcita. En particular, el Usuario se compromete a abstenerse de: suprimir, eludir o manipular el \u00abcopyright\u00bb y dem\u00e1s datos identificativos de los derechos de sus titulares incorporados a los contenidos del Portal, as\u00ed como los dispositivos t\u00e9cnicos de protecci\u00f3n, o cualesquiera mecanismos de informaci\u00f3n que pudieren incluir dichos contenidos. Asimismo, el Usuario se compromete a no realizar acto alguno con objeto de da\u00f1ar, inutilizar o sobrecargar el Sitio Web, o que impidiera, de cualquier forma, la normal utilizaci\u00f3n y funcionamiento del mismo.<\/p>\n\n\n\n<p>En caso de que incumpla este Aviso Legal y\/o las Condiciones Generales, o en EL TITULAR sospechemos razonablemente que las est\u00e1 incumpliendo, EL TITULAR se reserva el derecho a limitar, suspender o terminar su acceso al Sitio Web, adoptando cualquier medida t\u00e9cnica que sea necesaria con ese fin. Asimismo, EL TITULAR se reserva la facultad de decidir, en cualquier momento, sobre la continuidad de los servicios que presta a trav\u00e9s del Portal.<\/p>\n\n\n\n<h3 class=\"wp-block-heading\">3.\u2010 Propiedad Intelectual e industrial.<\/h3>\n\n\n\n<p>Los derechos de propiedad intelectual sobre la disposici\u00f3n de los contenidos del Sitio Web (incluido el derecho sui generis sobre la base de datos), su dise\u00f1o gr\u00e1fico (<em>look &amp;feel<\/em>), los signos distintivos (marcas y nombres comerciales), los programas de ordenador subyacentes (incluidos los c\u00f3digos fuente), as\u00ed como los distintos elementos que integran el Portal (textos, gr\u00e1ficos, fotograf\u00edas, videos, etc.) corresponden a EL TITULAR o dispone en su caso, del derecho de uso y explotaci\u00f3n de los mismos, y en tal sentido constituyen obras protegidas por la legislaci\u00f3n de propiedad intelectual e industrial vigentes.<\/p>\n\n\n\n<p>El uso del Sitio Web por el Usuario en modo alguno supone la cesi\u00f3n de derecho alguno de propiedad intelectual y\/o industrial sobre el Portal, sus contenidos y\/o los signos distintivos de EL TITULAR y\/o de las sociedades EL TITULAR. A tal efecto, mediante el presente Aviso Legal, salvo en aquellos supuestos en los que est\u00e9 legalmente permitido, queda expresamente prohibido al Usuario la reproducci\u00f3n, transformaci\u00f3n, distribuci\u00f3n, comunicaci\u00f3n p\u00fablica, puesta a disposici\u00f3n, extracci\u00f3n y\/o reutilizaci\u00f3n del Sitio Web, sus contenidos y\/o los signos distintivos de EL TITULAR y\/o de las sociedades del EL TITULAR.<\/p>\n\n\n\n<p>Queda expresa y terminantemente prohibida la reproducci\u00f3n de elementos o contenidos del Sitio Web realizada con \u00e1nimo de lucro o fines comerciales.<\/p>\n\n\n\n<h3 class=\"wp-block-heading\">4.\u2010 Limitaci\u00f3n de Responsabilidad<\/h3>\n\n\n\n<p>El Usuario reconoce y acepta que el uso del Sitio Web se realiza en todo momento bajo su entero riesgo y responsabilidad, por lo que EL TITULAR no se responsabiliza del mal uso o uso indebido que pueda realizarse del Portal. A tal efecto, \u00fanicamente ser\u00e1 responsable de los da\u00f1os que el Usuario pueda sufrir por el uso del Sitio Web, cuando dichos da\u00f1os sean debidos a nuestra actuaci\u00f3n dolosa.<\/p>\n\n\n\n<p>En particular, EL TITULAR no ser\u00e1 responsable de:<\/p>\n\n\n\n<p>&#8211; El contenido de los sitios enlazados a trav\u00e9s de los links incluidos dentro del Sitio Web. A este respecto, resultar\u00e1n de aplicaci\u00f3n los t\u00e9rminos recogidos en el apartado 5 del presente Aviso Legal.<\/p>\n\n\n\n<p>&#8211; Los da\u00f1os y perjuicios de cualquier tipo causados en los equipos inform\u00e1ticos del Usuario por virus, gusanos, troyanos o cualquier otro elemento da\u00f1ino. El Usuario reconoce que el uso de la red Internet supone la asunci\u00f3n de un riesgo de que sus equipos inform\u00e1ticos puedan ser afectados por los elementos antes enunciados. A tal efecto, corresponde al Usuario, en todo caso, la disponibilidad de herramientas adecuadas para la detecci\u00f3n y eliminaci\u00f3n de programas electr\u00f3nicos da\u00f1inos.<\/p>\n\n\n\n<p>&#8211; Los da\u00f1os y perjuicios de cualquier tipo producidos al Usuario que traigan causa en fallos o desconexiones en las redes de telecomunicaciones que produzcan la suspensi\u00f3n, cancelaci\u00f3n o interrupci\u00f3n del servicio del Sitio Web durante la prestaci\u00f3n del mismo o con car\u00e1cter previo. A este respecto, el Usuario reconoce que el acceso al Portal requiere de servicios suministrados por terceros ajenos al control de EL TITULAR (a modo de ejemplo: operadores de redes de telecomunicaciones, proveedores de acceso, etc.) cuya fiabilidad, calidad, continuidad y funcionamiento no corresponde a EL TITULAR.<\/p>\n\n\n\n<h3 class=\"wp-block-heading\">5.- Enlaces (Links)<\/h3>\n\n\n\n<p>El Sitio Web incluye dispositivos t\u00e9cnicos de enlace (links) que permiten al Usuario acceder a otras p\u00e1ginas y portales de Internet (en adelante, \u201c<strong>Sitios Enlazados<\/strong>\u201d). En estos casos, EL TITULAR act\u00faa como un prestador de servicios de intermediaci\u00f3n de conformidad con el art\u00edculo 17 de la LSSI, y s\u00f3lo ser\u00e1 responsable de los contenidos y servicios suministrados en los Sitios Enlazados en la medida en que tenga conocimiento efectivo de la ilicitud y no haya desactivado el enlace con la diligencia debida. En el supuesto de que el Usuario considere que existe un Sitio Enlazado con contenidos il\u00edcitos o inadecuados, rogamos lo comunique a EL TITULAR a trav\u00e9s de oficina@consuladooscuro.org. En ning\u00fan caso, esta comunicaci\u00f3n conllevar\u00e1 la obligaci\u00f3n de retirar el correspondiente enlace.<\/p>\n\n\n\n<p>La existencia de Sitios Enlazados en modo alguno implica que EL TITULAR tiene conocimiento efectivo o de ning\u00fan otro tipo de los servicios y contenidos de los mismos en caso de ilicitud, ni que mantenga necesariamente acuerdos con los responsables o titulares de los Sitios Enlazados. Tampoco comporta la existencia de dichos links recomendaci\u00f3n, promoci\u00f3n, identificaci\u00f3n o conformidad de EL TITULAR con las manifestaciones, contenidos o servicios prove\u00eddos a trav\u00e9s de los Sitios Enlazados. En consecuencia, EL TITULAR no se hace responsable del contenido de los Sitios Enlazados, ni de sus condiciones de uso y pol\u00edticas de confidencialidad, siendo el Usuario el \u00fanico responsable de comprobarlos y aceptarlos cada vez que acceda y use los mismos.<\/p>\n\n\n\n<p>El Usuario y, en general, cualquier persona f\u00edsica o jur\u00eddica que se proponga establecer un enlace desde su p\u00e1gina o sitio al Portal, deber\u00e1 obtener una autorizaci\u00f3n previa y por escrito de EL TITULAR. El establecimiento de dicho enlace, no implica en ning\u00fan caso la existencia de relaciones entre EL TITULAR y el propietario o titular del sitio o p\u00e1gina en la que se establezca el mismo, ni la aceptaci\u00f3n o aprobaci\u00f3n por parte de EL TITULAR de sus contenidos o servicios.<\/p>\n\n\n\n<p>En cualquier caso, EL TITULAR se reserva el derecho a prohibir o inutilizar en cualquier momento los enlaces al Sitio Web, especialmente en los supuestos de ilicitud de la actividad o contenidos de la p\u00e1gina o sitio en el que se incluye el mismo.<\/p>\n\n\n\n<h3 class=\"wp-block-heading\">6.- Cookies<\/h3>\n\n\n\n<p>EL TITULAR utiliza cookies \u00fanicamente con el fin de facilitar la navegaci\u00f3n, mantener la seguridad, verificar la identidad del Usuario y facilitar su uso del Portal. Las cookies son archivos instalados en el disco duro del ordenador o bien en la memoria del navegador en la carpeta preconfigurada por el sistema operativo del ordenador del Usuario para identificarle.<\/p>\n\n\n\n<p>El Usuario podr\u00e1 desactivar las cookies libremente. En caso de que el Usuario decida desactivar las cookies, la calidad y rapidez del servicio pueden disminuir e, incluso, perder\u00e1 el acceso a algunos de los servicios ofrecidos en el Portal. Puede encontrar informaci\u00f3n adicional sobre su uso en nuestra p\u00e1gina de Pol\u00edtica de cookies.<\/p>\n\n\n\n<h3 class=\"wp-block-heading\">7.- Generalidades<\/h3>\n\n\n\n<p>El uso del Sitio Web est\u00e1 regido e interpretado de acuerdo con la ley espa\u00f1ola y se entender\u00e1 que, por el uso del Portal, el Usuario est\u00e1 de acuerdo en que cualquier conflicto o litigio que surja entre el usuario y EL TITULAR ser\u00e1 tratado por los juzgados y tribunales competentes de acuerdo con la legislaci\u00f3n aplicable.<\/p>\n\n\n\n<p>En el caso de que alguna de las disposiciones contenidas en el presente Aviso Legal sea declarada nula, se proceder\u00e1 a la retirada o sustituci\u00f3n de la misma. En cualquier caso, dicha declaraci\u00f3n de nulidad no afectar\u00e1 a la validez del resto de disposiciones recogidas en el presente Aviso Legal.<\/p>","protected":false},"excerpt":{"rendered":"<p>1.\u2010 Titularidad de la P\u00e1gina Web Las presentes Condiciones Generales de Contrataci\u00f3n (en adelante, las \u201cCondiciones Generales\u201d), junto con las condiciones particulares que puedan establecerse, regulan las condiciones de compra [&hellip;]<\/p>\n","protected":false},"author":1,"featured_media":0,"parent":0,"menu_order":0,"comment_status":"closed","ping_status":"closed","template":"","meta":{"_acf_changed":false,"footnotes":""},"class_list":["post-60","page","type-page","status-publish","hentry"],"acf":[],"yoast_head":"<!-- This site is optimized with the Yoast SEO plugin v27.5 - https:\/\/yoast.com\/product\/yoast-seo-wordpress\/ -->\n<title>Aviso Legal - Consulado Oscuro<\/title>\n<meta name=\"robots\" content=\"index, follow, max-snippet:-1, max-image-preview:large, max-video-preview:-1\" \/>\n<link rel=\"canonical\" href=\"https:\/\/consuladooscuro.org\/en\/aviso-legal\/\" \/>\n<meta property=\"og:locale\" content=\"en_GB\" \/>\n<meta property=\"og:type\" content=\"article\" \/>\n<meta property=\"og:title\" content=\"Aviso Legal - Consulado Oscuro\" \/>\n<meta property=\"og:description\" content=\"1.\u2010 Titularidad de la P\u00e1gina Web Las presentes Condiciones Generales de Contrataci\u00f3n (en adelante, las \u201cCondiciones Generales\u201d), junto con las condiciones particulares que puedan establecerse, regulan las condiciones de compra [&hellip;]\" \/>\n<meta property=\"og:url\" content=\"https:\/\/consuladooscuro.org\/en\/aviso-legal\/\" \/>\n<meta property=\"og:site_name\" content=\"Consulado Oscuro\" \/>\n<meta property=\"article:modified_time\" content=\"2026-04-23T13:16:00+00:00\" \/>\n<meta name=\"twitter:card\" content=\"summary_large_image\" \/>\n<meta name=\"twitter:label1\" content=\"Estimated reading time\" \/>\n\t<meta name=\"twitter:data1\" content=\"9 minutes\" \/>\n<script type=\"application\/ld+json\" class=\"yoast-schema-graph\">{\"@context\":\"https:\\\/\\\/schema.org\",\"@graph\":[{\"@type\":\"WebPage\",\"@id\":\"https:\\\/\\\/consuladooscuro.org\\\/aviso-legal\\\/\",\"url\":\"https:\\\/\\\/consuladooscuro.org\\\/aviso-legal\\\/\",\"name\":\"Aviso Legal - Consulado Oscuro\",\"isPartOf\":{\"@id\":\"https:\\\/\\\/consuladooscuro.org\\\/#website\"},\"datePublished\":\"2026-04-16T08:47:39+00:00\",\"dateModified\":\"2026-04-23T13:16:00+00:00\",\"breadcrumb\":{\"@id\":\"https:\\\/\\\/consuladooscuro.org\\\/aviso-legal\\\/#breadcrumb\"},\"inLanguage\":\"en-GB\",\"potentialAction\":[{\"@type\":\"ReadAction\",\"target\":[\"https:\\\/\\\/consuladooscuro.org\\\/aviso-legal\\\/\"]}]},{\"@type\":\"BreadcrumbList\",\"@id\":\"https:\\\/\\\/consuladooscuro.org\\\/aviso-legal\\\/#breadcrumb\",\"itemListElement\":[{\"@type\":\"ListItem\",\"position\":1,\"name\":\"Portada\",\"item\":\"https:\\\/\\\/consuladooscuro.org\\\/\"},{\"@type\":\"ListItem\",\"position\":2,\"name\":\"Aviso Legal\"}]},{\"@type\":\"WebSite\",\"@id\":\"https:\\\/\\\/consuladooscuro.org\\\/#website\",\"url\":\"https:\\\/\\\/consuladooscuro.org\\\/\",\"name\":\"Consulado Oscuro\",\"description\":\"Consulado Oscuro\",\"potentialAction\":[{\"@type\":\"SearchAction\",\"target\":{\"@type\":\"EntryPoint\",\"urlTemplate\":\"https:\\\/\\\/consuladooscuro.org\\\/?s={search_term_string}\"},\"query-input\":{\"@type\":\"PropertyValueSpecification\",\"valueRequired\":true,\"valueName\":\"search_term_string\"}}],\"inLanguage\":\"en-GB\"}]}<\/script>\n<!-- \/ Yoast SEO plugin. -->","yoast_head_json":{"title":"Aviso Legal - Consulado Oscuro","robots":{"index":"index","follow":"follow","max-snippet":"max-snippet:-1","max-image-preview":"max-image-preview:large","max-video-preview":"max-video-preview:-1"},"canonical":"https:\/\/consuladooscuro.org\/en\/aviso-legal\/","og_locale":"en_GB","og_type":"article","og_title":"Aviso Legal - Consulado Oscuro","og_description":"1.\u2010 Titularidad de la P\u00e1gina Web Las presentes Condiciones Generales de Contrataci\u00f3n (en adelante, las \u201cCondiciones Generales\u201d), junto con las condiciones particulares que puedan establecerse, regulan las condiciones de compra [&hellip;]","og_url":"https:\/\/consuladooscuro.org\/en\/aviso-legal\/","og_site_name":"Consulado Oscuro","article_modified_time":"2026-04-23T13:16:00+00:00","twitter_card":"summary_large_image","twitter_misc":{"Estimated reading time":"9 minutes"},"schema":{"@context":"https:\/\/schema.org","@graph":[{"@type":"WebPage","@id":"https:\/\/consuladooscuro.org\/aviso-legal\/","url":"https:\/\/consuladooscuro.org\/aviso-legal\/","name":"Aviso Legal - Consulado Oscuro","isPartOf":{"@id":"https:\/\/consuladooscuro.org\/#website"},"datePublished":"2026-04-16T08:47:39+00:00","dateModified":"2026-04-23T13:16:00+00:00","breadcrumb":{"@id":"https:\/\/consuladooscuro.org\/aviso-legal\/#breadcrumb"},"inLanguage":"en-GB","potentialAction":[{"@type":"ReadAction","target":["https:\/\/consuladooscuro.org\/aviso-legal\/"]}]},{"@type":"BreadcrumbList","@id":"https:\/\/consuladooscuro.org\/aviso-legal\/#breadcrumb","itemListElement":[{"@type":"ListItem","position":1,"name":"Portada","item":"https:\/\/consuladooscuro.org\/"},{"@type":"ListItem","position":2,"name":"Aviso Legal"}]},{"@type":"WebSite","@id":"https:\/\/consuladooscuro.org\/#website","url":"https:\/\/consuladooscuro.org\/","name":"Consulado Oscuro","description":"Consulado Oscuro","potentialAction":[{"@type":"SearchAction","target":{"@type":"EntryPoint","urlTemplate":"https:\/\/consuladooscuro.org\/?s={search_term_string}"},"query-input":{"@type":"PropertyValueSpecification","valueRequired":true,"valueName":"search_term_string"}}],"inLanguage":"en-GB"}]}},"_links":{"self":[{"href":"https:\/\/consuladooscuro.org\/en\/wp-json\/wp\/v2\/pages\/60","targetHints":{"allow":["GET"]}}],"collection":[{"href":"https:\/\/consuladooscuro.org\/en\/wp-json\/wp\/v2\/pages"}],"about":[{"href":"https:\/\/consuladooscuro.org\/en\/wp-json\/wp\/v2\/types\/page"}],"author":[{"embeddable":true,"href":"https:\/\/consuladooscuro.org\/en\/wp-json\/wp\/v2\/users\/1"}],"replies":[{"embeddable":true,"href":"https:\/\/consuladooscuro.org\/en\/wp-json\/wp\/v2\/comments?post=60"}],"version-history":[{"count":4,"href":"https:\/\/consuladooscuro.org\/en\/wp-json\/wp\/v2\/pages\/60\/revisions"}],"predecessor-version":[{"id":318,"href":"https:\/\/consuladooscuro.org\/en\/wp-json\/wp\/v2\/pages\/60\/revisions\/318"}],"wp:attachment":[{"href":"https:\/\/consuladooscuro.org\/en\/wp-json\/wp\/v2\/media?parent=60"}],"curies":[{"name":"wp","href":"https:\/\/api.w.org\/{rel}","templated":true}]}}