{"id":57,"date":"2026-04-16T08:47:23","date_gmt":"2026-04-16T08:47:23","guid":{"rendered":"https:\/\/consuladooscuro.org\/?page_id=57"},"modified":"2026-05-02T13:54:54","modified_gmt":"2026-05-02T11:54:54","slug":"consulado-oscuro","status":"publish","type":"page","link":"https:\/\/consuladooscuro.org\/en\/","title":{"rendered":"Consulado Oscuro"},"content":{"rendered":"<section class=\"bloque-contenedor    transparente\"   id=\"\">\r\n    <div class=\"container\">\r\n        <div class=\"\"> \r\n                                \r\n\r\n                <div class=\"acf-innerblocks-container\">\n\n<figure class=\"wp-block-image size-full\"><img loading=\"lazy\" decoding=\"async\" width=\"1569\" height=\"1106\" src=\"https:\/\/consuladooscuro.org\/wp-content\/uploads\/2026\/04\/banner2.webp\" alt=\"Grabado vi\u00f1edo con flor de lis\" class=\"wp-image-97\" srcset=\"https:\/\/consuladooscuro.org\/wp-content\/uploads\/2026\/04\/banner2.webp 1569w, https:\/\/consuladooscuro.org\/wp-content\/uploads\/2026\/04\/banner2-300x211.webp 300w, https:\/\/consuladooscuro.org\/wp-content\/uploads\/2026\/04\/banner2-600x423.webp 600w, https:\/\/consuladooscuro.org\/wp-content\/uploads\/2026\/04\/banner2-1135x800.webp 1135w, https:\/\/consuladooscuro.org\/wp-content\/uploads\/2026\/04\/banner2-768x541.webp 768w, https:\/\/consuladooscuro.org\/wp-content\/uploads\/2026\/04\/banner2-1536x1083.webp 1536w\" sizes=\"auto, (max-width: 1569px) 100vw, 1569px\" \/><\/figure>\n\n<\/div>\r\n          \r\n                            \r\n        <\/div>\r\n    <\/div>\r\n<\/section>\r\n\n\n\r\n    \r\n\r\n<section class=\"bloque-contenedor    transparente-my text-center\"   id=\"\">\r\n    <div class=\"container\">\r\n        <div class=\"\"> \r\n                        <div class=\"row\">\r\n                <div class=\"col-12  col-md-8 mx-auto\">                     \r\n\r\n                <div class=\"acf-innerblocks-container\">\n\n<figure class=\"wp-block-image aligncenter size-full is-resized mx-auto\"><img loading=\"lazy\" decoding=\"async\" width=\"761\" height=\"489\" src=\"https:\/\/consuladooscuro.org\/wp-content\/uploads\/2026\/04\/ojo.png\" alt=\"ojo\" class=\"wp-image-46\" style=\"width:140px\" title=\"\" srcset=\"https:\/\/consuladooscuro.org\/wp-content\/uploads\/2026\/04\/ojo.png 761w, https:\/\/consuladooscuro.org\/wp-content\/uploads\/2026\/04\/ojo-300x193.png 300w, https:\/\/consuladooscuro.org\/wp-content\/uploads\/2026\/04\/ojo-600x386.png 600w\" sizes=\"auto, (max-width: 761px) 100vw, 761px\" \/><\/figure>\n\n\n\n<hr class=\"wp-block-separator has-alpha-channel-opacity\"\/>\n\n\n\n<h1 class=\"wp-block-heading\">In search of the purest and most vibrant expression of Garnacha in the <em>highlands<\/em> of Gredos<\/h1>\n\n\n\n<p>Garnacha, crafted with precision and finesse, is like a revealing sheet of paper. <em>terroir<\/em>, Because it imbues the wine with the character of its place of origin. That&#039;s why we make &quot;clean&quot; wines, without makeup or artifice. Wines that strive to capture the essence of our old mountain vines, the mineral tension of the granitic soil of the Sierra de Gredos, and the freshness of the Alto Alberche.<\/p>\n\n\n\n<p>We work with minimal intervention but with maximum precision, so that naturalness does not obscure nature, does not mask the landscape. To allow the wines to reflect their place (<em>terroir<\/em>) and its moment (add). We aspire to go a step beyond the vague concept of &quot;natural&quot; wines, towards &quot;supernatural&quot; wines, which are not only less harmful to the body but also manage to uplift the soul.<\/p>\n\n\n\n<figure class=\"wp-block-image aligncenter size-full is-resized mx-auto blend-multiply\"><img loading=\"lazy\" decoding=\"async\" width=\"884\" height=\"543\" src=\"https:\/\/consuladooscuro.org\/wp-content\/uploads\/2026\/04\/piedras.jpg\" alt=\"\" class=\"wp-image-47\" style=\"width:300px\" srcset=\"https:\/\/consuladooscuro.org\/wp-content\/uploads\/2026\/04\/piedras.jpg 884w, https:\/\/consuladooscuro.org\/wp-content\/uploads\/2026\/04\/piedras-300x184.jpg 300w, https:\/\/consuladooscuro.org\/wp-content\/uploads\/2026\/04\/piedras-600x369.jpg 600w, https:\/\/consuladooscuro.org\/wp-content\/uploads\/2026\/04\/piedras-768x472.jpg 768w\" sizes=\"auto, (max-width: 884px) 100vw, 884px\" \/><\/figure>\n\n\n\n<hr class=\"wp-block-separator has-alpha-channel-opacity\"\/>\n\n<\/div>\r\n          \r\n                                <\/div>\r\n            <\/div>            \r\n        <\/div>\r\n    <\/div>\r\n<\/section>\r\n\n\n\r\n    \r\n\r\n<section class=\"bloque-contenedor    transparente-my\"   id=\"\">\r\n    <div class=\"container\">\r\n        <div class=\"\"> \r\n                        <div class=\"row\">\r\n                <div class=\"col-12  col-md-10 mx-auto\">                     \r\n\r\n                <div class=\"acf-innerblocks-container\">\n\n<div class=\"wp-block-columns is-layout-flex wp-container-core-columns-is-layout-9d6595d7 wp-block-columns-is-layout-flex\">\n<div class=\"wp-block-column is-layout-flow wp-block-column-is-layout-flow\">\n<figure class=\"wp-block-image size-full mb-5\"><img loading=\"lazy\" decoding=\"async\" width=\"840\" height=\"840\" src=\"https:\/\/consuladooscuro.org\/wp-content\/uploads\/2026\/04\/ritopapel_2_2x.webp\" alt=\"Etiqueta Rito\" class=\"wp-image-116\" title=\"Etiqueta Rito\" srcset=\"https:\/\/consuladooscuro.org\/wp-content\/uploads\/2026\/04\/ritopapel_2_2x.webp 840w, https:\/\/consuladooscuro.org\/wp-content\/uploads\/2026\/04\/ritopapel_2_2x-300x300.webp 300w, https:\/\/consuladooscuro.org\/wp-content\/uploads\/2026\/04\/ritopapel_2_2x-100x100.webp 100w, https:\/\/consuladooscuro.org\/wp-content\/uploads\/2026\/04\/ritopapel_2_2x-600x600.webp 600w, https:\/\/consuladooscuro.org\/wp-content\/uploads\/2026\/04\/ritopapel_2_2x-800x800.webp 800w, https:\/\/consuladooscuro.org\/wp-content\/uploads\/2026\/04\/ritopapel_2_2x-500x500.webp 500w, https:\/\/consuladooscuro.org\/wp-content\/uploads\/2026\/04\/ritopapel_2_2x-768x768.webp 768w\" sizes=\"auto, (max-width: 840px) 100vw, 840px\" \/><\/figure>\n\n\n\r\n    \r\n\r\n<section class=\"bloque-contenedor    transparente\"   id=\"\">\r\n    <div class=\"container\">\r\n        <div class=\"\"> \r\n                        <div class=\"row\">\r\n                <div class=\"col-12  col-md-10 mx-auto\">                     \r\n\r\n                <div class=\"acf-innerblocks-container\">\n\n<p class=\"has-text-align-center\">The key and the color red allude to the initiation rites for joining Masonic lodges and societies. The gateway to our wines.<\/p>\n\n\n\n<div class=\"wp-block-buttons is-content-justification-center is-layout-flex wp-container-core-buttons-is-layout-16018d1d wp-block-buttons-is-layout-flex\">\n<div class=\"wp-block-button\"><a class=\"wp-block-button__link wp-element-button\" href=\"https:\/\/consuladooscuro.org\/en\/product\/rito\/\">See<\/a><\/div>\n<\/div>\n\n<\/div>\r\n          \r\n                                <\/div>\r\n            <\/div>            \r\n        <\/div>\r\n    <\/div>\r\n<\/section>\r\n<\/div>\n\n\n\n<div class=\"wp-block-column is-layout-flow wp-block-column-is-layout-flow\">\n<figure class=\"wp-block-image size-full mb-5\"><img loading=\"lazy\" decoding=\"async\" width=\"840\" height=\"840\" src=\"https:\/\/consuladooscuro.org\/wp-content\/uploads\/2026\/04\/logiapapel_2x.webp\" alt=\"Etiqueta Logia\" class=\"wp-image-113\" title=\"Etiqueta  Logia\" srcset=\"https:\/\/consuladooscuro.org\/wp-content\/uploads\/2026\/04\/logiapapel_2x.webp 840w, https:\/\/consuladooscuro.org\/wp-content\/uploads\/2026\/04\/logiapapel_2x-300x300.webp 300w, https:\/\/consuladooscuro.org\/wp-content\/uploads\/2026\/04\/logiapapel_2x-100x100.webp 100w, https:\/\/consuladooscuro.org\/wp-content\/uploads\/2026\/04\/logiapapel_2x-600x600.webp 600w, https:\/\/consuladooscuro.org\/wp-content\/uploads\/2026\/04\/logiapapel_2x-800x800.webp 800w, https:\/\/consuladooscuro.org\/wp-content\/uploads\/2026\/04\/logiapapel_2x-500x500.webp 500w, https:\/\/consuladooscuro.org\/wp-content\/uploads\/2026\/04\/logiapapel_2x-768x768.webp 768w\" sizes=\"auto, (max-width: 840px) 100vw, 840px\" \/><\/figure>\n\n\n\r\n    \r\n\r\n<section class=\"bloque-contenedor    transparente\"   id=\"\">\r\n    <div class=\"container\">\r\n        <div class=\"\"> \r\n                        <div class=\"row\">\r\n                <div class=\"col-12  col-md-10 mx-auto\">                     \r\n\r\n                <div class=\"acf-innerblocks-container\">\n\n<p class=\"has-text-align-center\">The color blue and the lion as symbols of belonging, of having overcome <em>RITE<\/em> of initiation and accessed to the upper level of this secret society.<\/p>\n\n\n\n<div class=\"wp-block-buttons is-content-justification-center is-layout-flex wp-container-core-buttons-is-layout-16018d1d wp-block-buttons-is-layout-flex\">\n<div class=\"wp-block-button\"><a class=\"wp-block-button__link wp-element-button\" href=\"https:\/\/consuladooscuro.org\/en\/product\/logia\/\">See<\/a><\/div>\n<\/div>\n\n<\/div>\r\n          \r\n                                <\/div>\r\n            <\/div>            \r\n        <\/div>\r\n    <\/div>\r\n<\/section>\r\n<\/div>\n<\/div>\n\n<\/div>\r\n          \r\n                                <\/div>\r\n            <\/div>            \r\n        <\/div>\r\n    <\/div>\r\n<\/section>\r\n\n\n\r\n    \r\n\r\n<section class=\"bloque-contenedor    transparente text-center\"   id=\"\">\r\n    <div class=\"container\">\r\n        <div class=\"\"> \r\n                        <div class=\"row\">\r\n                <div class=\"col-12  col-md-8 mx-auto\">                     \r\n\r\n                <div class=\"acf-innerblocks-container\">\n\n<h2 class=\"wp-block-heading\">Immortels<\/h2>\n\n\n\n<hr class=\"wp-block-separator has-alpha-channel-opacity mt-0\"\/>\n\n\n\n<p>The fleur-de-lis indicates north on old maps and is a symbol of purity and immortality. The great Dominique A in his song <em><a href=\"https:\/\/www.dailymotion.com\/video\/x8jx8b\" target=\"_blank\" rel=\"noreferrer noopener\">Immortels<\/a><\/em>&nbsp;It reminds us that \u201cthe gods hide (or appear) in our wine-soaked faces\u201d <em>(Le savais-tu d\u00e9j\u00e0? Avais-tu devin\u00e9 que des dieux se cachaient sous nos faces avin\u00e9es?)<\/em><\/p>\n\n\n\n<p><em>Immortels<\/em> is our particular <em>Olympus<\/em>, a collection of wines with a very limited and ephemeral nature, with which each year we pay homage to an artist.<\/p>\n\n\n\n<p><a id=\"_msocom_1\"><\/a><\/p>\n\n\n\n<figure class=\"wp-block-image aligncenter size-full mb-4\"><img loading=\"lazy\" decoding=\"async\" width=\"1605\" height=\"1015\" src=\"https:\/\/consuladooscuro.org\/wp-content\/uploads\/2026\/04\/lynch_etiqueta.jpg\" alt=\"Etiqueta Lynch\" class=\"wp-image-43\" style=\"object-fit:cover\" title=\"Etiqueta Lynch\" srcset=\"https:\/\/consuladooscuro.org\/wp-content\/uploads\/2026\/04\/lynch_etiqueta.jpg 1605w, https:\/\/consuladooscuro.org\/wp-content\/uploads\/2026\/04\/lynch_etiqueta-300x190.jpg 300w, https:\/\/consuladooscuro.org\/wp-content\/uploads\/2026\/04\/lynch_etiqueta-600x379.jpg 600w, https:\/\/consuladooscuro.org\/wp-content\/uploads\/2026\/04\/lynch_etiqueta-1200x759.jpg 1200w, https:\/\/consuladooscuro.org\/wp-content\/uploads\/2026\/04\/lynch_etiqueta-768x486.jpg 768w, https:\/\/consuladooscuro.org\/wp-content\/uploads\/2026\/04\/lynch_etiqueta-1536x971.jpg 1536w\" sizes=\"auto, (max-width: 1605px) 100vw, 1605px\" \/><\/figure>\n\n<\/div>\r\n          \r\n                                <\/div>\r\n            <\/div>            \r\n        <\/div>\r\n    <\/div>\r\n<\/section>\r\n\n\n\r\n    \r\n\r\n<section class=\"bloque-contenedor    transparente text-center\"   id=\"\">\r\n    <div class=\"container\">\r\n        <div class=\"\"> \r\n                        <div class=\"row\">\r\n                <div class=\"col-12  col-md-6 mx-auto\">                     \r\n\r\n                <div class=\"acf-innerblocks-container\">\n\n<p class=\"mx-4\">LYNCH (Immortels #2) is a wine that pays homage to the great American filmmaker David Lynch. An eternal genius who\u2014as he himself once commented\u2014&quot;\u00ab<em>He spent his life playing with fire<\/em>\u00ab&quot;Lynch taught us to dream with our eyes open, to see the other side of things.&quot;. <em>Fire walk with me<\/em>.<\/p>\n\n\n\n<div class=\"wp-block-buttons is-content-justification-center is-layout-flex wp-container-core-buttons-is-layout-16018d1d wp-block-buttons-is-layout-flex\">\n<div class=\"wp-block-button\"><a class=\"wp-block-button__link wp-element-button\" href=\"https:\/\/consuladooscuro.org\/en\/product\/lynch\/\">See<\/a><\/div>\n<\/div>\n\n<\/div>\r\n          \r\n                                <\/div>\r\n            <\/div>            \r\n        <\/div>\r\n    <\/div>\r\n<\/section>\r\n\n\n\n<div style=\"height:45px\" aria-hidden=\"true\" class=\"wp-block-spacer\"><\/div>\n\n\n\r\n    \r\n\r\n<section class=\"bloque-contenedor    transparente text-center\"   id=\"\">\r\n    <div class=\"container\">\r\n        <div class=\"\"> \r\n                        <div class=\"row\">\r\n                <div class=\"col-12  col-md-6 mx-auto\">                     \r\n\r\n                <div class=\"acf-innerblocks-container\">\n\n<h3 class=\"wp-block-heading\">Previous editions<\/h3>\n\n\n\n<figure class=\"wp-block-image size-full is-resized mb-2\"><img loading=\"lazy\" decoding=\"async\" width=\"1605\" height=\"1015\" src=\"https:\/\/consuladooscuro.org\/wp-content\/uploads\/2026\/04\/shane_etiqueta.jpg\" alt=\"Etiqueta Shane\" class=\"wp-image-21\" style=\"width:480px\" title=\"Etiqueta  Shane\" srcset=\"https:\/\/consuladooscuro.org\/wp-content\/uploads\/2026\/04\/shane_etiqueta.jpg 1605w, https:\/\/consuladooscuro.org\/wp-content\/uploads\/2026\/04\/shane_etiqueta-300x190.jpg 300w, https:\/\/consuladooscuro.org\/wp-content\/uploads\/2026\/04\/shane_etiqueta-600x379.jpg 600w, https:\/\/consuladooscuro.org\/wp-content\/uploads\/2026\/04\/shane_etiqueta-1200x759.jpg 1200w, https:\/\/consuladooscuro.org\/wp-content\/uploads\/2026\/04\/shane_etiqueta-768x486.jpg 768w, https:\/\/consuladooscuro.org\/wp-content\/uploads\/2026\/04\/shane_etiqueta-1536x971.jpg 1536w\" sizes=\"auto, (max-width: 1605px) 100vw, 1605px\" \/><\/figure>\n\n\n\n<p>The first edition of the Immortels collection (#1) is dedicated to our beloved and admired Shane MacGowan, great Irish composer and poet and leader of the legendary band &quot;The Pogues&quot;.<\/p>\n\n\n\n<div class=\"wp-block-buttons is-content-justification-center is-layout-flex wp-container-core-buttons-is-layout-16018d1d wp-block-buttons-is-layout-flex\">\n<div class=\"wp-block-button\"><a class=\"wp-block-button__link wp-element-button\" href=\"https:\/\/consuladooscuro.org\/en\/product\/shane\/\">See<\/a><\/div>\n<\/div>\n\n<\/div>\r\n          \r\n                                <\/div>\r\n            <\/div>            \r\n        <\/div>\r\n    <\/div>\r\n<\/section>\r\n\n\n\n<p><\/p>","protected":false},"excerpt":{"rendered":"","protected":false},"author":1,"featured_media":0,"parent":0,"menu_order":0,"comment_status":"closed","ping_status":"closed","template":"page-full.php","meta":{"_acf_changed":false,"footnotes":""},"class_list":["post-57","page","type-page","status-publish","hentry"],"acf":[],"yoast_head":"<!-- This site is optimized with the Yoast SEO plugin v27.5 - https:\/\/yoast.com\/product\/yoast-seo-wordpress\/ -->\n<title>Compa\u00f1\u00eda de Vinos del Consulado Oscuro (CVCO)<\/title>\n<meta name=\"description\" content=\"En busca de la expresi\u00f3n m\u00e1s pura, precisa y vibrante de la Garnacha en las highlands de Gredos\" \/>\n<meta name=\"robots\" content=\"index, follow, max-snippet:-1, max-image-preview:large, max-video-preview:-1\" \/>\n<link rel=\"canonical\" href=\"https:\/\/consuladooscuro.org\/en\/\" \/>\n<meta property=\"og:locale\" content=\"en_GB\" \/>\n<meta property=\"og:type\" content=\"article\" \/>\n<meta property=\"og:title\" content=\"Compa\u00f1\u00eda de Vinos del Consulado Oscuro (CVCO)\" \/>\n<meta property=\"og:description\" content=\"En busca de la expresi\u00f3n m\u00e1s pura, precisa y vibrante de la Garnacha en las highlands de Gredos\" \/>\n<meta property=\"og:url\" content=\"https:\/\/consuladooscuro.org\/en\/\" \/>\n<meta property=\"og:site_name\" content=\"Consulado Oscuro\" \/>\n<meta property=\"article:modified_time\" content=\"2026-05-02T11:54:54+00:00\" \/>\n<meta property=\"og:image\" content=\"https:\/\/consuladooscuro.org\/wp-content\/uploads\/2026\/04\/banner2.webp\" \/>\n\t<meta property=\"og:image:width\" content=\"1569\" \/>\n\t<meta property=\"og:image:height\" content=\"1106\" \/>\n\t<meta property=\"og:image:type\" content=\"image\/webp\" \/>\n<meta name=\"twitter:card\" content=\"summary_large_image\" \/>\n<meta name=\"twitter:label1\" content=\"Estimated reading time\" \/>\n\t<meta name=\"twitter:data1\" content=\"4 minutes\" \/>\n<script type=\"application\/ld+json\" class=\"yoast-schema-graph\">{\"@context\":\"https:\\\/\\\/schema.org\",\"@graph\":[{\"@type\":\"WebPage\",\"@id\":\"https:\\\/\\\/consuladooscuro.org\\\/\",\"url\":\"https:\\\/\\\/consuladooscuro.org\\\/\",\"name\":\"Compa\u00f1\u00eda de Vinos del Consulado Oscuro (CVCO)\",\"isPartOf\":{\"@id\":\"https:\\\/\\\/consuladooscuro.org\\\/#website\"},\"primaryImageOfPage\":{\"@id\":\"https:\\\/\\\/consuladooscuro.org\\\/#primaryimage\"},\"image\":{\"@id\":\"https:\\\/\\\/consuladooscuro.org\\\/#primaryimage\"},\"thumbnailUrl\":\"https:\\\/\\\/consuladooscuro.org\\\/wp-content\\\/uploads\\\/2026\\\/04\\\/banner2.webp\",\"datePublished\":\"2026-04-16T08:47:23+00:00\",\"dateModified\":\"2026-05-02T11:54:54+00:00\",\"description\":\"En busca de la expresi\u00f3n m\u00e1s pura, precisa y vibrante de la Garnacha en las highlands de Gredos\",\"breadcrumb\":{\"@id\":\"https:\\\/\\\/consuladooscuro.org\\\/#breadcrumb\"},\"inLanguage\":\"en-GB\",\"potentialAction\":[{\"@type\":\"ReadAction\",\"target\":[\"https:\\\/\\\/consuladooscuro.org\\\/\"]}]},{\"@type\":\"ImageObject\",\"inLanguage\":\"en-GB\",\"@id\":\"https:\\\/\\\/consuladooscuro.org\\\/#primaryimage\",\"url\":\"https:\\\/\\\/consuladooscuro.org\\\/wp-content\\\/uploads\\\/2026\\\/04\\\/banner2.webp\",\"contentUrl\":\"https:\\\/\\\/consuladooscuro.org\\\/wp-content\\\/uploads\\\/2026\\\/04\\\/banner2.webp\"},{\"@type\":\"BreadcrumbList\",\"@id\":\"https:\\\/\\\/consuladooscuro.org\\\/#breadcrumb\",\"itemListElement\":[{\"@type\":\"ListItem\",\"position\":1,\"name\":\"Portada\",\"item\":\"https:\\\/\\\/consuladooscuro.org\\\/\"},{\"@type\":\"ListItem\",\"position\":2,\"name\":\"Consulado Oscuro\"}]},{\"@type\":\"WebSite\",\"@id\":\"https:\\\/\\\/consuladooscuro.org\\\/#website\",\"url\":\"https:\\\/\\\/consuladooscuro.org\\\/\",\"name\":\"Consulado Oscuro\",\"description\":\"Consulado Oscuro\",\"potentialAction\":[{\"@type\":\"SearchAction\",\"target\":{\"@type\":\"EntryPoint\",\"urlTemplate\":\"https:\\\/\\\/consuladooscuro.org\\\/?s={search_term_string}\"},\"query-input\":{\"@type\":\"PropertyValueSpecification\",\"valueRequired\":true,\"valueName\":\"search_term_string\"}}],\"inLanguage\":\"en-GB\"}]}<\/script>\n<!-- \/ Yoast SEO plugin. -->","yoast_head_json":{"title":"Compa\u00f1\u00eda de Vinos del Consulado Oscuro (CVCO)","description":"En busca de la expresi\u00f3n m\u00e1s pura, precisa y vibrante de la Garnacha en las highlands de Gredos","robots":{"index":"index","follow":"follow","max-snippet":"max-snippet:-1","max-image-preview":"max-image-preview:large","max-video-preview":"max-video-preview:-1"},"canonical":"https:\/\/consuladooscuro.org\/en\/","og_locale":"en_GB","og_type":"article","og_title":"Compa\u00f1\u00eda de Vinos del Consulado Oscuro (CVCO)","og_description":"En busca de la expresi\u00f3n m\u00e1s pura, precisa y vibrante de la Garnacha en las highlands de Gredos","og_url":"https:\/\/consuladooscuro.org\/en\/","og_site_name":"Consulado Oscuro","article_modified_time":"2026-05-02T11:54:54+00:00","og_image":[{"width":1569,"height":1106,"url":"https:\/\/consuladooscuro.org\/wp-content\/uploads\/2026\/04\/banner2.webp","type":"image\/webp"}],"twitter_card":"summary_large_image","twitter_misc":{"Estimated reading time":"4 minutes"},"schema":{"@context":"https:\/\/schema.org","@graph":[{"@type":"WebPage","@id":"https:\/\/consuladooscuro.org\/","url":"https:\/\/consuladooscuro.org\/","name":"Compa\u00f1\u00eda de Vinos del Consulado Oscuro (CVCO)","isPartOf":{"@id":"https:\/\/consuladooscuro.org\/#website"},"primaryImageOfPage":{"@id":"https:\/\/consuladooscuro.org\/#primaryimage"},"image":{"@id":"https:\/\/consuladooscuro.org\/#primaryimage"},"thumbnailUrl":"https:\/\/consuladooscuro.org\/wp-content\/uploads\/2026\/04\/banner2.webp","datePublished":"2026-04-16T08:47:23+00:00","dateModified":"2026-05-02T11:54:54+00:00","description":"En busca de la expresi\u00f3n m\u00e1s pura, precisa y vibrante de la Garnacha en las highlands de Gredos","breadcrumb":{"@id":"https:\/\/consuladooscuro.org\/#breadcrumb"},"inLanguage":"en-GB","potentialAction":[{"@type":"ReadAction","target":["https:\/\/consuladooscuro.org\/"]}]},{"@type":"ImageObject","inLanguage":"en-GB","@id":"https:\/\/consuladooscuro.org\/#primaryimage","url":"https:\/\/consuladooscuro.org\/wp-content\/uploads\/2026\/04\/banner2.webp","contentUrl":"https:\/\/consuladooscuro.org\/wp-content\/uploads\/2026\/04\/banner2.webp"},{"@type":"BreadcrumbList","@id":"https:\/\/consuladooscuro.org\/#breadcrumb","itemListElement":[{"@type":"ListItem","position":1,"name":"Portada","item":"https:\/\/consuladooscuro.org\/"},{"@type":"ListItem","position":2,"name":"Consulado Oscuro"}]},{"@type":"WebSite","@id":"https:\/\/consuladooscuro.org\/#website","url":"https:\/\/consuladooscuro.org\/","name":"Consulado Oscuro","description":"Consulado Oscuro","potentialAction":[{"@type":"SearchAction","target":{"@type":"EntryPoint","urlTemplate":"https:\/\/consuladooscuro.org\/?s={search_term_string}"},"query-input":{"@type":"PropertyValueSpecification","valueRequired":true,"valueName":"search_term_string"}}],"inLanguage":"en-GB"}]}},"_links":{"self":[{"href":"https:\/\/consuladooscuro.org\/en\/wp-json\/wp\/v2\/pages\/57","targetHints":{"allow":["GET"]}}],"collection":[{"href":"https:\/\/consuladooscuro.org\/en\/wp-json\/wp\/v2\/pages"}],"about":[{"href":"https:\/\/consuladooscuro.org\/en\/wp-json\/wp\/v2\/types\/page"}],"author":[{"embeddable":true,"href":"https:\/\/consuladooscuro.org\/en\/wp-json\/wp\/v2\/users\/1"}],"replies":[{"embeddable":true,"href":"https:\/\/consuladooscuro.org\/en\/wp-json\/wp\/v2\/comments?post=57"}],"version-history":[{"count":81,"href":"https:\/\/consuladooscuro.org\/en\/wp-json\/wp\/v2\/pages\/57\/revisions"}],"predecessor-version":[{"id":412,"href":"https:\/\/consuladooscuro.org\/en\/wp-json\/wp\/v2\/pages\/57\/revisions\/412"}],"wp:attachment":[{"href":"https:\/\/consuladooscuro.org\/en\/wp-json\/wp\/v2\/media?parent=57"}],"curies":[{"name":"wp","href":"https:\/\/api.w.org\/{rel}","templated":true}]}}